{"id":83,"date":"2017-10-27T17:25:22","date_gmt":"2017-10-27T17:25:22","guid":{"rendered":"http:\/\/jazyk.zsvisnove.eu\/?page_id=83"},"modified":"2026-04-22T07:03:31","modified_gmt":"2026-04-22T07:03:31","slug":"deutsch-miroslav-mach","status":"publish","type":"page","link":"https:\/\/jazyk.zsvisnove.eu\/?page_id=83","title":{"rendered":"DEUTSCH &#8211;  MIROSLAV MACH"},"content":{"rendered":"<h1><span style=\"color: #0000ff;\"><strong>Team Deutsch &#8211; 8. T\u0158\u00cdDA<\/strong><\/span><\/h1>\n<h2><span style=\"color: #ff0000;\">LEKTION 5<\/span><\/h2>\n<p><strong>\u00a0 \u00a0<\/strong><strong><div class=\"table-responsive\"><table  style=\"width:100%; \"  class=\"easy-table easy-table-default \" border=\"0\">\n<thead>\r\n<tr><th ><a href=\"https:\/\/wordwall.net\/resource\/96916657\" target=\"_blank\" rel=\"noopener\">Slov\u00ed\u010dka \u010d\u00e1st 1<\/a> <\/th>\n<th > <a href=\"https:\/\/wordwall.net\/resource\/97521182\" target=\"_blank\" rel=\"noopener\">Slov\u00ed\u010dka \u010d\u00e1st 2<\/a> <\/th>\n<th >\u00a0 <a href=\"https:\/\/wordwall.net\/resource\/99116610\" target=\"_blank\" rel=\"noopener\">Slov\u00ed\u010dka \u010d\u00e1st 3<\/a> <\/th>\n<th ><a href=\"https:\/\/wordwall.net\/resource\/38413632\" target=\"_blank\" rel=\"noopener\">Hodiny<\/a> <\/th>\n<th >\u00a0<\/th>\n<\/tr>\n<\/thead>\n<tbody><\/tbody><\/table><\/div> \u00a0 \u00a0 <\/strong><\/p>\n<h2><span style=\"color: #ff0000;\">LEKTION 6<\/span><\/h2>\n<p><strong><div class=\"table-responsive\"><table  style=\"width:100%; \"  class=\"easy-table easy-table-default \" border=\"0\">\n<thead>\r\n<tr><th >\u00a0 <a href=\"https:\/\/wordwall.net\/resource\/103381011\" target=\"_blank\" rel=\"noopener\">Slov\u00ed\u010dka \u010d\u00e1st 1<\/a> <\/th>\n<th >\u00a0<a href=\"https:\/\/wordwall.net\/resource\/105058252\" target=\"_blank\" rel=\"noopener\">Slov\u00ed\u010dka \u010d\u00e1st 2<\/a> <\/th>\n<th >\u00a0 \u00a0<a href=\"https:\/\/wordwall.net\/resource\/105418843\" target=\"_blank\" rel=\"noopener\">M\u011bs\u00edce v roce<\/a> <\/th>\n<th >\u00a0<a href=\"https:\/\/wordwall.net\/resource\/106781000\" target=\"_blank\" rel=\"noopener\">\u0158adov\u00e9 \u010d\u00edslovky<\/a> \u00a0<\/th>\n<\/tr>\n<\/thead>\n<tbody><\/tbody><\/table><\/div><\/strong><\/p>\n<p><strong><div class=\"table-responsive\"><table  style=\"width:100%; \"  class=\"easy-table easy-table-default \" border=\"0\">\n<thead>\r\n<tr><th ><a href=\"https:\/\/wordwall.net\/resource\/106776584\" target=\"_blank\" rel=\"noopener\">\u010casujeme zp\u016fsobov\u00e1 slovesa<\/a> <\/th>\n<th > <a href=\"https:\/\/wordwall.net\/resource\/106774402\" target=\"_blank\" rel=\"noopener\">Zp\u016fsobov\u00e1 slovesa ve v\u011bt\u011b<\/a><\/strong><strong> <\/th>\n<th >\u00a0 \u00a0 \u00a0<\/th>\n<\/tr>\n<\/thead>\n<tbody><\/tbody><\/table><\/div> \u00a0 \u00a0\u00a0 <\/strong><strong>\u00a0 \u00a0 \u00a0 \u00a0 \u00a0 \u00a0 \u00a0 \u00a0<\/strong><\/p>\n<h2><span style=\"color: #ff0000;\">LEKTION 7<\/span><\/h2>\n<p><strong><div class=\"table-responsive\"><table  style=\"width:100%; \"  class=\"easy-table easy-table-default \" border=\"0\">\n<thead>\r\n<tr><th >\u00a0<\/strong><strong><a href=\"https:\/\/wordwall.net\/resource\/111215981\" target=\"_blank\" rel=\"noopener\">Slov\u00ed\u010dka \u010d\u00e1st 1<\/a> <\/th>\n<th > \u00a0<\/th>\n<\/tr>\n<\/thead>\n<tbody><\/tbody><\/table><\/div> \u00a0 <\/strong><\/p>\n<p><strong>KLETT INTERAKTIV<\/strong><\/p>\n<table style=\"height: 1091px;\" width=\"661\">\n<tbody>\n<tr>\n<td width=\"89\">\u00a0<a href=\"https:\/\/wordwall.net\/resource\/32079020\">Essen und Trinken<\/a><\/td>\n<td width=\"89\">\u00a0<a href=\"https:\/\/wordwall.net\/cs\/resource\/32079621\">Essen und Trinken chu\u0165<\/a><\/td>\n<td width=\"89\">\u00a0<a href=\"https:\/\/wordwall.net\/cs\/resource\/32079433\">Essen und Trinken \u010dleny<\/a><\/td>\n<td width=\"89\"><a href=\"https:\/\/wordwall.net\/cs\/resource\/32080819\">\u00a0Essen und Trinken &#8211; dialog 1<\/a><\/td>\n<\/tr>\n<tr>\n<td><a href=\"https:\/\/wordwall.net\/cs\/resource\/32081339\">\u00a0Essen und Trinken &#8211; dialog 2<\/a><\/td>\n<td><a href=\"https:\/\/wordwall.net\/cs\/resource\/32121219\">\u00a0Essen und Trinken dialog 3<\/a><\/td>\n<td>\u00a0<a href=\"https:\/\/wordwall.net\/resource\/39611157\" target=\"_blank\" rel=\"noopener\">Eriks Tag<\/a><\/td>\n<td><a href=\"https:\/\/wordwall.net\/resource\/66447086\" target=\"_blank\" rel=\"noopener\">Nepravideln\u00e1 slovesa v p\u0159\u00edt. \u010dase skupina 2<\/a><\/td>\n<\/tr>\n<tr>\n<td><a href=\"https:\/\/wordwall.net\/resource\/66820308\" target=\"_blank\" rel=\"noopener\">Nepravideln\u00e1 slovesa v p\u0159\u00edt. \u010dase skupina 1<\/a><\/td>\n<td><a href=\"https:\/\/wordwall.net\/resource\/66874678\" target=\"_blank\" rel=\"noopener\">Nepravideln\u00e1 slovesa v p\u0159\u00edt. \u010dase mix<\/a><\/td>\n<td><a href=\"https:\/\/wordwall.net\/resource\/67315291\" target=\"_blank\" rel=\"noopener\">Klett 2.3 essen und Trinken<\/a><\/td>\n<td><a href=\"https:\/\/wordwall.net\/resource\/71047839\" target=\"_blank\" rel=\"noopener\">Spezialit\u00e4ten aus Deutschland<\/a><\/td>\n<\/tr>\n<tr>\n<td><a href=\"https:\/\/wordwall.net\/resource\/71048808\" target=\"_blank\" rel=\"noopener\">Spezialit\u00e4ten aus der Schweiz<\/a><\/td>\n<td><a href=\"https:\/\/wordwall.net\/resource\/71107682\" target=\"_blank\" rel=\"noopener\">Spezialit\u00e4ten aus \u00d6sterreich<\/a><\/td>\n<td><a href=\"https:\/\/wordwall.net\/resource\/74318049\/ciz%c3%ad-jazyk\/possessivpronomen\" target=\"_blank\" rel=\"noopener\">P\u0159ivlast\u0148ovac\u00ed z\u00e1jmena<\/a><\/td>\n<td><\/td>\n<\/tr>\n<tr>\n<td><\/td>\n<td><\/td>\n<td><\/td>\n<td><\/td>\n<\/tr>\n<tr>\n<td>\u00a0<a href=\"https:\/\/quizlet.com\/_4qafcr\" target=\"_blank\" rel=\"noopener\">Nepravideln\u00e1 slovesa 2 Pr\u00e9teritum, perfektum<\/a><\/td>\n<td><a href=\"https:\/\/quizlet.com\/_4ltkck\" target=\"_blank\" rel=\"noopener\">Nepravideln\u00e1 slovesa, Pr\u00e9teritum 1<\/a><\/td>\n<td><a href=\"https:\/\/quizlet.com\/_4ltlya\" target=\"_blank\" rel=\"noopener\">Nepravideln\u00e1 slovesa, pr\u00e9teritum 2<\/a><\/td>\n<td>\u00a0<a href=\"https:\/\/quizlet.com\/_4qaet0\" target=\"_blank\" rel=\"noopener\">Nepravideln\u00e1 slovesa 1 Pr\u00e9teritum, perfektum<\/a><\/td>\n<\/tr>\n<tr>\n<td><a href=\"https:\/\/wordwall.net\/resource\/35722715\">Klett 3.2, Hausarbeiten + Modalverben<\/a><\/td>\n<td>\u00a0<a href=\"https:\/\/wordwall.net\/resource\/42766365\" target=\"_blank\" rel=\"noopener\">Modalverben (zp\u016fsobov\u00e1 slovesa)<\/a><\/td>\n<td>\u00a0<a href=\"https:\/\/wordwall.net\/resource\/54300230\" target=\"_blank\" rel=\"noopener\">4.1 Pt\u00e1me se na cestu<\/a><\/td>\n<td>\u00a0<a href=\"https:\/\/wordwall.net\/resource\/54527901\" target=\"_blank\" rel=\"noopener\">Objekty ve m\u011bst\u011b<\/a><\/td>\n<\/tr>\n<tr>\n<td><strong>Slovn\u00ed z\u00e1soba Klett 1<\/strong><\/td>\n<td><a href=\"https:\/\/wordwall.net\/resource\/63143774\">\u00a0<\/a><\/td>\n<td><a href=\"https:\/\/wordwall.net\/resource\/63143774\">\u00a0<\/a><\/td>\n<td><\/td>\n<\/tr>\n<tr>\n<td><\/td>\n<td><\/td>\n<td>\u00a0<a href=\"https:\/\/wordwall.net\/resource\/57173859\" target=\"_blank\" rel=\"noopener\">2.1, \u010d\u00e1st 3<\/a><\/td>\n<td><\/td>\n<\/tr>\n<tr>\n<td>\u00a0<a href=\"https:\/\/wordwall.net\/resource\/63143774\" target=\"_blank\" rel=\"noopener\">2.2, \u010d\u00e1st 2<\/a><\/td>\n<td><a href=\"https:\/\/wordwall.net\/resource\/65508541\" target=\"_blank\" rel=\"noopener\">2.3 \u010d\u00e1st 1<\/a><\/td>\n<td><\/td>\n<td><\/td>\n<\/tr>\n<tr>\n<td><\/td>\n<td><\/td>\n<td><\/td>\n<td><\/td>\n<\/tr>\n<tr>\n<td>\u00a0<a href=\"https:\/\/wordwall.net\/resource\/51711112\" target=\"_blank\" rel=\"noopener\"> 4.1, \u010d\u00e1st 1<\/a><\/td>\n<td><\/td>\n<td><\/td>\n<td><\/td>\n<\/tr>\n<tr>\n<td><\/td>\n<td><\/td>\n<td><\/td>\n<td><\/td>\n<\/tr>\n<tr>\n<td><\/td>\n<td><\/td>\n<td><\/td>\n<td><\/td>\n<\/tr>\n<tr>\n<td><\/td>\n<td><\/td>\n<td><\/td>\n<td><\/td>\n<\/tr>\n<tr>\n<td><\/td>\n<td><\/td>\n<td><\/td>\n<td><\/td>\n<\/tr>\n<tr>\n<td><\/td>\n<td><\/td>\n<td><\/td>\n<td><\/td>\n<\/tr>\n<tr>\n<td><\/td>\n<td><\/td>\n<td><\/td>\n<td><\/td>\n<\/tr>\n<tr>\n<td><\/td>\n<td><\/td>\n<td><\/td>\n<td><\/td>\n<\/tr>\n<tr>\n<td><\/td>\n<td><\/td>\n<td><\/td>\n<td><\/td>\n<\/tr>\n<\/tbody>\n<\/table>\n","protected":false},"excerpt":{"rendered":"<p>Team Deutsch &#8211; 8. T\u0158\u00cdDA LEKTION 5 \u00a0 \u00a0 \u00a0 \u00a0 LEKTION 6 \u00a0 \u00a0\u00a0 \u00a0 \u00a0 \u00a0 \u00a0 \u00a0 \u00a0 \u00a0 \u00a0 LEKTION 7 \u00a0 KLETT INTERAKTIV \u00a0Essen und Trinken \u00a0Essen und Trinken chu\u0165 \u00a0Essen und Trinken \u010dleny \u00a0Essen und Trinken &#8211; dialog 1 \u00a0Essen und Trinken &#8211; dialog 2 \u00a0Essen und Trinken dialog &hellip; <a href=\"https:\/\/jazyk.zsvisnove.eu\/?page_id=83\" class=\"more-link\">Pokra\u010dovat ve \u010dten\u00ed<span class=\"screen-reader-text\"> &#8222;DEUTSCH &#8211;  MIROSLAV MACH&#8220;<\/span><\/a><\/p>\n","protected":false},"author":2,"featured_media":0,"parent":0,"menu_order":0,"comment_status":"closed","ping_status":"closed","template":"","meta":{"footnotes":""},"class_list":["post-83","page","type-page","status-publish","hentry"],"_links":{"self":[{"href":"https:\/\/jazyk.zsvisnove.eu\/index.php?rest_route=\/wp\/v2\/pages\/83","targetHints":{"allow":["GET"]}}],"collection":[{"href":"https:\/\/jazyk.zsvisnove.eu\/index.php?rest_route=\/wp\/v2\/pages"}],"about":[{"href":"https:\/\/jazyk.zsvisnove.eu\/index.php?rest_route=\/wp\/v2\/types\/page"}],"author":[{"embeddable":true,"href":"https:\/\/jazyk.zsvisnove.eu\/index.php?rest_route=\/wp\/v2\/users\/2"}],"replies":[{"embeddable":true,"href":"https:\/\/jazyk.zsvisnove.eu\/index.php?rest_route=%2Fwp%2Fv2%2Fcomments&post=83"}],"version-history":[{"count":63,"href":"https:\/\/jazyk.zsvisnove.eu\/index.php?rest_route=\/wp\/v2\/pages\/83\/revisions"}],"predecessor-version":[{"id":2276,"href":"https:\/\/jazyk.zsvisnove.eu\/index.php?rest_route=\/wp\/v2\/pages\/83\/revisions\/2276"}],"wp:attachment":[{"href":"https:\/\/jazyk.zsvisnove.eu\/index.php?rest_route=%2Fwp%2Fv2%2Fmedia&parent=83"}],"curies":[{"name":"wp","href":"https:\/\/api.w.org\/{rel}","templated":true}]}}