{"id":30,"date":"2017-10-26T05:36:15","date_gmt":"2017-10-26T05:36:15","guid":{"rendered":"http:\/\/jazyk.zsvisnove.eu\/?page_id=30"},"modified":"2025-05-05T08:02:33","modified_gmt":"2025-05-05T08:02:33","slug":"english-for-young-learners","status":"publish","type":"page","link":"https:\/\/jazyk.zsvisnove.eu\/?page_id=30","title":{"rendered":"ENGLISH- PRIMARY 4"},"content":{"rendered":"\n<h2 class=\"wp-block-heading has-text-align-center\"><\/h2>\n\n\n\n<figure class=\"wp-block-table\"><table class=\"has-fixed-layout\"><tbody><tr><td><a href=\"https:\/\/wordwall.net\/resource\/59934284\" target=\"_blank\" rel=\"noreferrer noopener\">colours1<\/a><\/td><td><a href=\"https:\/\/wordwall.net\/resource\/59934635\" target=\"_blank\" rel=\"noreferrer noopener\">colours 2<\/a><\/td><td><a href=\"https:\/\/wordwall.net\/resource\/59934693\" target=\"_blank\" rel=\"noreferrer noopener\">colours 3<\/a><\/td><td><a href=\"https:\/\/wordwall.net\/resource\/60425338\" target=\"_blank\" rel=\"noreferrer noopener\">colours 4<\/a><\/td><td><a href=\"https:\/\/wordwall.net\/resource\/77650625\" target=\"_blank\" rel=\"noreferrer noopener\">colours 5<\/a><\/td><td><a href=\"https:\/\/wordwall.net\/resource\/77294274\" target=\"_blank\" rel=\"noreferrer noopener\">colours 6<\/a><\/td><td><a href=\"https:\/\/wordwall.net\/resource\/60967655\" target=\"_blank\" rel=\"noreferrer noopener\">colours 7<\/a><\/td><td><a href=\"https:\/\/wordwall.net\/resource\/60967655\" target=\"_blank\" rel=\"noreferrer noopener\">colours 8<\/a><\/td><td><a href=\"https:\/\/wordwall.net\/resource\/60474876\" target=\"_blank\" rel=\"noreferrer noopener\">colours 9<\/a><\/td><td><\/td><\/tr><tr><td><a href=\"https:\/\/wordwall.net\/resource\/60650349\" target=\"_blank\" rel=\"noreferrer noopener\">spelling 1<\/a><\/td><td><a href=\"https:\/\/wordwall.net\/resource\/60961276\" target=\"_blank\" rel=\"noreferrer noopener\">spelling 2<\/a><\/td><td><a href=\"https:\/\/wordwall.net\/resource\/78081171\" target=\"_blank\" rel=\"noreferrer noopener\">spelling 3<\/a><\/td><td><a href=\"https:\/\/wordwall.net\/resource\/78082246\" target=\"_blank\" rel=\"noreferrer noopener\">spelling 4<\/a><\/td><td><\/td><td><\/td><td><\/td><td><\/td><td><\/td><td><\/td><\/tr><tr><td><a href=\"https:\/\/wordwall.net\/resource\/78633290\" data-type=\"link\" data-id=\"https:\/\/wordwall.net\/resource\/78633290\" target=\"_blank\" rel=\"noreferrer noopener\">numbers 0-20<\/a><\/td><td><a href=\"https:\/\/wordwall.net\/resource\/60960949\" target=\"_blank\" rel=\"noreferrer noopener\">numbers 1<\/a><\/td><td><a href=\"https:\/\/wordwall.net\/resource\/61687190\" target=\"_blank\" rel=\"noreferrer noopener\">numbers 2<\/a><\/td><td><a href=\"https:\/\/wordwall.net\/resource\/61687352\" target=\"_blank\" rel=\"noreferrer noopener\">numbers 3<\/a><\/td><td><a href=\"https:\/\/wordwall.net\/resource\/78003918\" target=\"_blank\" rel=\"noreferrer noopener\">numbers 4<\/a><\/td><td><a href=\"https:\/\/wordwall.net\/resource\/79851145\" target=\"_blank\" rel=\"noreferrer noopener\">numbers 5<\/a><\/td><td><\/td><td><\/td><td><\/td><td><\/td><\/tr><tr><td><a href=\"https:\/\/wordwall.net\/resource\/62957346\" target=\"_blank\" rel=\"noreferrer noopener\">school supplies1<\/a><\/td><td><a href=\"https:\/\/wordwall.net\/resource\/62957975\" target=\"_blank\" rel=\"noreferrer noopener\">school supplies2<\/a><\/td><td><a href=\"https:\/\/wordwall.net\/resource\/83501976\" data-type=\"link\" data-id=\"https:\/\/wordwall.net\/resource\/83501976\" target=\"_blank\" rel=\"noreferrer noopener\">school things<\/a><\/td><td> <a href=\"https:\/\/wordwall.net\/resource\/62957577\" target=\"_blank\" rel=\"noreferrer noopener\">at school<\/a><\/td><td><a href=\"https:\/\/wordwall.net\/resource\/81152493\">school subjects 1<\/a><\/td><td><a href=\"https:\/\/wordwall.net\/resource\/83501510\" target=\"_blank\" rel=\"noreferrer noopener\">school subjects2<\/a><\/td><td><a href=\"https:\/\/wordwall.net\/resource\/63336225\" target=\"_blank\" rel=\"noreferrer noopener\">classroom language 1<\/a><\/td><td><a href=\"https:\/\/wordwall.net\/resource\/63338024\" target=\"_blank\" rel=\"noreferrer noopener\">classroom language 2<\/a><\/td><td><\/td><td><\/td><\/tr><tr><td><a href=\"https:\/\/wordwall.net\/resource\/62128584\" target=\"_blank\" rel=\"noreferrer noopener\">days of the week 1<\/a><\/td><td><a href=\"https:\/\/wordwall.net\/resource\/82140424\" target=\"_blank\" rel=\"noreferrer noopener\">days of the week 2<\/a><\/td><td><a href=\"https:\/\/wordwall.net\/resource\/82141080\" target=\"_blank\" rel=\"noreferrer noopener\">days of the week 3<\/a><\/td><td><\/td><td><\/td><td><\/td><td><\/td><td><\/td><td><\/td><td><\/td><\/tr><tr><td><a href=\"https:\/\/wordwall.net\/resource\/63831038\" target=\"_blank\" rel=\"noreferrer noopener\">My room &#8211; quiz 1<\/a><\/td><td><a href=\"https:\/\/wordwall.net\/resource\/64136476\" target=\"_blank\" rel=\"noreferrer noopener\">My room &#8211; quiz 2<\/a><\/td><td><a href=\"https:\/\/wordwall.net\/resource\/64244258\" target=\"_blank\" rel=\"noreferrer noopener\">My room-spelling<\/a><\/td><td><a href=\"https:\/\/wordwall.net\/resource\/14889360\" target=\"_blank\" rel=\"noreferrer noopener\"> My room 1<\/a><\/td><td><a href=\"https:\/\/wordwall.net\/resource\/63780688\" target=\"_blank\" rel=\"noreferrer noopener\">My room 2<\/a><\/td><td><a href=\"https:\/\/wordwall.net\/resource\/65567442\" target=\"_blank\" rel=\"noreferrer noopener\">My house<\/a><\/td><td><a href=\"https:\/\/www.educaplay.com\/learning-resources\/21987101-home_sweet_home_quiz.html\" data-type=\"link\" data-id=\"https:\/\/www.educaplay.com\/learning-resources\/21987101-home_sweet_home_quiz.html\" target=\"_blank\" rel=\"noreferrer noopener\">House game<\/a><\/td><td><a href=\"https:\/\/wordwall.net\/resource\/64612493\" target=\"_blank\" rel=\"noreferrer noopener\">p\u0159edlo\u017eky<\/a><\/td><td><\/td><td><\/td><\/tr><tr><td><a href=\"https:\/\/wordwall.net\/resource\/66505465\" target=\"_blank\" rel=\"noreferrer noopener\">There is\/are1<\/a><\/td><td><a href=\"https:\/\/wordwall.net\/resource\/66343459\" target=\"_blank\" rel=\"noreferrer noopener\">There is\/are2<\/a><\/td><td><a href=\"https:\/\/wordwall.net\/resource\/66878288\" target=\"_blank\" rel=\"noreferrer noopener\">Articles 1<\/a><\/td><td><a href=\"https:\/\/wordwall.net\/resource\/67122573\" target=\"_blank\" rel=\"noreferrer noopener\">Articles 2<\/a><\/td><td><\/td><td><\/td><td><\/td><td><\/td><td><\/td><td><\/td><\/tr><tr><td><a href=\"https:\/\/wordwall.net\/resource\/67059623\" target=\"_blank\" rel=\"noreferrer noopener\">In the town 1<\/a><\/td><td><a href=\"https:\/\/wordwall.net\/resource\/67121523\" target=\"_blank\" rel=\"noreferrer noopener\">In the town 2<\/a><\/td><td><a href=\"https:\/\/wordwall.net\/resource\/67121624\" target=\"_blank\" rel=\"noreferrer noopener\">In the town 3<\/a><\/td><td> <a href=\"https:\/\/wordwall.net\/resource\/67121823\" target=\"_blank\" rel=\"noreferrer noopener\">In the town 4<\/a><\/td><td><a href=\"https:\/\/wordwall.net\/resource\/67440200\" target=\"_blank\" rel=\"noreferrer noopener\">In the town 5<\/a><\/td><td><\/td><td><\/td><td><\/td><td><\/td><td><\/td><\/tr><tr><td><a href=\"https:\/\/wordwall.net\/resource\/69411411\" target=\"_blank\" rel=\"noreferrer noopener\">asking the way 1<\/a><\/td><td><a href=\"https:\/\/wordwall.net\/resource\/69871446\" data-type=\"link\" data-id=\"https:\/\/wordwall.net\/resource\/69871446\" target=\"_blank\" rel=\"noreferrer noopener\">asking the way 2<\/a><\/td><td><a href=\"https:\/\/wordwall.net\/resource\/69872394\" target=\"_blank\" rel=\"noreferrer noopener\">asking the way 3<\/a><\/td><td><\/td><td><\/td><td><\/td><td><\/td><td><\/td><td><\/td><td><\/td><\/tr><tr><td><a href=\"https:\/\/wordwall.net\/resource\/71248920\" target=\"_blank\" rel=\"noreferrer noopener\">Food and drinks1<\/a><\/td><td><a href=\"https:\/\/wordwall.net\/resource\/71249577\" target=\"_blank\" rel=\"noreferrer noopener\">Food and drinks2<\/a><\/td><td><a href=\"https:\/\/wordwall.net\/resource\/71249976\" target=\"_blank\" rel=\"noreferrer noopener\">Food and drinks3<\/a><\/td><td><a href=\"https:\/\/wordwall.net\/resource\/72473375\" target=\"_blank\" rel=\"noreferrer noopener\">Crossword1<\/a><\/td><td><a href=\"https:\/\/wordwall.net\/resource\/72473161\" target=\"_blank\" rel=\"noreferrer noopener\">Fast sorting<\/a><\/td><td><a href=\"https:\/\/wordwall.net\/resource\/72472766\" target=\"_blank\" rel=\"noreferrer noopener\">Food and drinks &#8211; spelling<\/a><\/td><td><a href=\"https:\/\/wordwall.net\/resource\/73242721\" target=\"_blank\" rel=\"noreferrer noopener\">Crossword2<\/a><\/td><td><a href=\"https:\/\/wordwall.net\/resource\/91017151\" target=\"_blank\" rel=\"noreferrer noopener\">Food and drinks 1 &#8211; psan\u00ed slov<\/a><\/td><td><a href=\"https:\/\/wordwall.net\/resource\/91017501\" target=\"_blank\" rel=\"noreferrer noopener\">Food and drinks 2 &#8211; psan\u00ed slov<\/a><\/td><td><a href=\"https:\/\/wordwall.net\/resource\/91151896\">Food and drinks 3 &#8211; psan\u00ed slov<\/a><\/td><\/tr><tr><td><a href=\"https:\/\/wordwall.net\/resource\/73379089\" target=\"_blank\" rel=\"noreferrer noopener\">M\u011b\u0159\u00edme potraviny1<\/a><\/td><td><a href=\"https:\/\/wordwall.net\/resource\/91294576\" data-type=\"link\" data-id=\"https:\/\/wordwall.net\/resource\/91294576\" target=\"_blank\" rel=\"noreferrer noopener\">M\u011b\u0159\u00edme potraviny 2<\/a><\/td><td><a href=\"https:\/\/wordwall.net\/resource\/73744545\" target=\"_blank\" rel=\"noreferrer noopener\">M\u011b\u0159\u00edme potraviny 3<\/a><\/td><td><a href=\"https:\/\/wordwall.net\/resource\/74076891\" target=\"_blank\" rel=\"noreferrer noopener\">M\u011b\u0159\u00edme potraviny 4<\/a><\/td><td><a href=\"https:\/\/wordwall.net\/resource\/73904658\" target=\"_blank\" rel=\"noreferrer noopener\">Cooking &#8211; verbs<\/a><\/td><td><a href=\"https:\/\/wordwall.net\/resource\/73905147\" target=\"_blank\" rel=\"noreferrer noopener\">Cooking-dishes<\/a><\/td><td><a href=\"https:\/\/wordwall.net\/resource\/73378798\" target=\"_blank\" rel=\"noreferrer noopener\">Airplane game<\/a><\/td><td><a href=\"https:\/\/wordwall.net\/resource\/91518758\" target=\"_blank\" rel=\"noreferrer noopener\">M\u011b\u0159\u00edme potraviny- psan\u00ed <\/a><\/td><td><a href=\"https:\/\/wordwall.net\/resource\/91403290\" target=\"_blank\" rel=\"noreferrer noopener\">Fast sorting game <\/a><\/td><td><\/td><\/tr><tr><td><\/td><td><\/td><td><\/td><td><\/td><td><\/td><td><\/td><td><\/td><td><\/td><td><\/td><td><\/td><\/tr><tr><td><\/td><td><\/td><td><\/td><td><\/td><td><\/td><td><\/td><td><\/td><td><\/td><td><\/td><td><\/td><\/tr><tr><td><\/td><td><\/td><td><\/td><td><\/td><td><\/td><td><\/td><td><\/td><td><\/td><td><\/td><td><\/td><\/tr><tr><td><\/td><td><\/td><td><\/td><td><\/td><td><\/td><td><\/td><td><\/td><td><\/td><td><\/td><td><\/td><\/tr><tr><td><\/td><td><\/td><td><\/td><td><\/td><td><\/td><td><\/td><td><\/td><td><\/td><td><\/td><td><\/td><\/tr><tr><td><\/td><td><\/td><td><\/td><td><\/td><td><\/td><td><\/td><td><\/td><td><\/td><td><\/td><td><\/td><\/tr><tr><td><\/td><td><\/td><td><\/td><td><\/td><td><\/td><td><\/td><td><\/td><td><\/td><td><\/td><td><\/td><\/tr><tr><td><\/td><td><\/td><td><\/td><td><\/td><td><\/td><td><\/td><td><\/td><td><\/td><td><\/td><td><\/td><\/tr><tr><td><\/td><td><\/td><td><\/td><td><\/td><td><\/td><td><\/td><td><\/td><td><\/td><td><\/td><td><\/td><\/tr><tr><td><\/td><td><\/td><td><\/td><td><\/td><td><\/td><td><\/td><td><\/td><td><\/td><td><\/td><td><\/td><\/tr><tr><td><\/td><td><\/td><td><\/td><td><\/td><td><\/td><td><\/td><td><\/td><td><\/td><td><\/td><td><\/td><\/tr><tr><td><\/td><td><\/td><td><\/td><td><\/td><td><\/td><td><\/td><td><\/td><td><\/td><td><\/td><td><\/td><\/tr><tr><td><\/td><td><\/td><td><\/td><td><\/td><td><\/td><td><\/td><td><\/td><td><\/td><td><\/td><td><\/td><\/tr><tr><td><\/td><td><\/td><td><\/td><td><\/td><td><\/td><td><\/td><td><\/td><td><\/td><td><\/td><td><\/td><\/tr><\/tbody><\/table><\/figure>\n\n\n\n<h2 class=\"wp-block-heading\"><strong>Mixed vocabulary<\/strong><\/h2>\n\n\n\n<figure class=\"wp-block-table\"><table class=\"has-fixed-layout\"><tbody><tr><td><a href=\"https:\/\/wordwall.net\/resource\/61463981\" target=\"_blank\" rel=\"noreferrer noopener\">lidsk\u00e9 vlastnosti<\/a><\/td><td><\/td><td><\/td><td><\/td><td><\/td><\/tr><tr><td><a href=\"https:\/\/wordwall.net\/resource\/80399237\" target=\"_blank\" rel=\"noreferrer noopener\">Halloween facts<\/a><\/td><td><a href=\"https:\/\/wordwall.net\/resource\/37212127\" target=\"_blank\" rel=\"noreferrer noopener\">vocabulary<\/a><\/td><td><a href=\"https:\/\/wordwall.net\/resource\/23992496\" target=\"_blank\" rel=\"noreferrer noopener\">k\u0159\u00ed\u017eovka<\/a><\/td><td><a href=\"https:\/\/wordwall.net\/resource\/6102099\" target=\"_blank\" rel=\"noreferrer noopener\">osmism\u011brka<\/a><\/td><td><a href=\"https:\/\/wordwall.net\/resource\/37211219\" target=\"_blank\" rel=\"noreferrer noopener\">pexeso<\/a><\/td><\/tr><tr><td><a href=\"https:\/\/wordwall.net\/resource\/39571385\" target=\"_blank\" rel=\"noreferrer noopener\">Christmas<\/a><\/td><td><\/td><td><\/td><td><\/td><td><\/td><\/tr><tr><td><a href=\"https:\/\/wordwall.net\/resource\/70621653\" target=\"_blank\" rel=\"noreferrer noopener\">Easter 1<\/a><\/td><td><a href=\"https:\/\/wordwall.net\/resource\/70621927\" target=\"_blank\" rel=\"noreferrer noopener\">Easter 2<\/a><\/td><td><\/td><td><\/td><td><\/td><\/tr><tr><td><a href=\"https:\/\/wordwall.net\/resource\/89944838\">GAME MIXED VOCABULARY 1<\/a><\/td><td><\/td><td><\/td><td><\/td><td><\/td><\/tr><\/tbody><\/table><\/figure>\n\n\n\n<p><\/p>\n\n\n\n<p><\/p>\n\n\n\n<h2 class=\"wp-block-heading\"><\/h2>\n","protected":false},"excerpt":{"rendered":"<p>colours1 colours 2 colours 3 colours 4 colours 5 colours 6 colours 7 colours 8 colours 9 spelling 1 spelling 2 spelling 3 spelling 4 numbers 0-20 numbers 1 numbers 2 numbers 3 numbers 4 numbers 5 school supplies1 school supplies2 school things at school school subjects 1 school subjects2 classroom language 1 classroom language &hellip; <a href=\"https:\/\/jazyk.zsvisnove.eu\/?page_id=30\" class=\"more-link\">Pokra\u010dovat ve \u010dten\u00ed<span class=\"screen-reader-text\"> &#8222;ENGLISH- PRIMARY 4&#8220;<\/span><\/a><\/p>\n","protected":false},"author":2,"featured_media":0,"parent":0,"menu_order":0,"comment_status":"closed","ping_status":"closed","template":"","meta":{"footnotes":""},"class_list":["post-30","page","type-page","status-publish","hentry"],"_links":{"self":[{"href":"https:\/\/jazyk.zsvisnove.eu\/index.php?rest_route=\/wp\/v2\/pages\/30","targetHints":{"allow":["GET"]}}],"collection":[{"href":"https:\/\/jazyk.zsvisnove.eu\/index.php?rest_route=\/wp\/v2\/pages"}],"about":[{"href":"https:\/\/jazyk.zsvisnove.eu\/index.php?rest_route=\/wp\/v2\/types\/page"}],"author":[{"embeddable":true,"href":"https:\/\/jazyk.zsvisnove.eu\/index.php?rest_route=\/wp\/v2\/users\/2"}],"replies":[{"embeddable":true,"href":"https:\/\/jazyk.zsvisnove.eu\/index.php?rest_route=%2Fwp%2Fv2%2Fcomments&post=30"}],"version-history":[{"count":295,"href":"https:\/\/jazyk.zsvisnove.eu\/index.php?rest_route=\/wp\/v2\/pages\/30\/revisions"}],"predecessor-version":[{"id":1892,"href":"https:\/\/jazyk.zsvisnove.eu\/index.php?rest_route=\/wp\/v2\/pages\/30\/revisions\/1892"}],"wp:attachment":[{"href":"https:\/\/jazyk.zsvisnove.eu\/index.php?rest_route=%2Fwp%2Fv2%2Fmedia&parent=30"}],"curies":[{"name":"wp","href":"https:\/\/api.w.org\/{rel}","templated":true}]}}