{"id":1920,"date":"2025-08-28T06:06:34","date_gmt":"2025-08-28T06:06:34","guid":{"rendered":"http:\/\/jazyk.zsvisnove.eu\/?page_id=1920"},"modified":"2026-04-24T06:13:49","modified_gmt":"2026-04-24T06:13:49","slug":"english-primary-3","status":"publish","type":"page","link":"https:\/\/jazyk.zsvisnove.eu\/?page_id=1920","title":{"rendered":"English &#8211; PRIMARY 3"},"content":{"rendered":"\n<figure class=\"wp-block-table\"><table class=\"has-fixed-layout\"><tbody><tr><td>HELLO<\/td><td><a href=\"https:\/\/wordwall.net\/resource\/96519331\" target=\"_blank\" rel=\"noreferrer noopener\">pozdrav 1<\/a><\/td><td><a href=\"https:\/\/wordwall.net\/resource\/96521678\" target=\"_blank\" rel=\"noreferrer noopener\">pozdrav2<\/a><\/td><td><a href=\"https:\/\/wordwall.net\/resource\/96521822\" target=\"_blank\" rel=\"noreferrer noopener\">pozdrav3<\/a><\/td><td><a href=\"https:\/\/www.topworksheets.com\/en\/english-language\/vocabulary\/greetings-pozdravy-68bfca70822d9\" data-type=\"link\" data-id=\"https:\/\/www.topworksheets.com\/en\/english-language\/vocabulary\/greetings-pozdravy-68bfca70822d9\" target=\"_blank\" rel=\"noreferrer noopener\">pozdrav 4 <\/a><\/td><td><\/td><td><\/td><td><\/td><td><\/td><td><\/td><\/tr><tr><td>COLOURS<\/td><td><a href=\"https:\/\/wordwall.net\/resource\/59934284\" target=\"_blank\" rel=\"noreferrer noopener\">colours1<\/a><\/td><td><a href=\"https:\/\/wordwall.net\/resource\/59934635\" target=\"_blank\" rel=\"noreferrer noopener\">colours 2<\/a><\/td><td><a href=\"https:\/\/wordwall.net\/resource\/59934693\" target=\"_blank\" rel=\"noreferrer noopener\">colours 3<\/a><\/td><td><a href=\"https:\/\/wordwall.net\/resource\/60425338\" target=\"_blank\" rel=\"noreferrer noopener\">colours 4<\/a><\/td><td><a href=\"https:\/\/wordwall.net\/resource\/77650625\" target=\"_blank\" rel=\"noreferrer noopener\">colours 5<\/a><\/td><td><a href=\"https:\/\/wordwall.net\/resource\/77294274\" target=\"_blank\" rel=\"noreferrer noopener\">colours 6<\/a><\/td><td><a href=\"https:\/\/wordwall.net\/resource\/60967655\" target=\"_blank\" rel=\"noreferrer noopener\">colours 7<\/a><\/td><td><a href=\"https:\/\/wordwall.net\/resource\/97514919\" data-type=\"link\" data-id=\"https:\/\/wordwall.net\/resource\/97514919\" target=\"_blank\" rel=\"noreferrer noopener\">colours 8<\/a><\/td><td><a href=\"https:\/\/wordwall.net\/resource\/60474876\" target=\"_blank\" rel=\"noreferrer noopener\">colours 9<\/a><\/td><\/tr><tr><td>NUMBERS<\/td><td><a href=\"https:\/\/wordwall.net\/resource\/98511690\" data-type=\"link\" data-id=\"https:\/\/wordwall.net\/resource\/98511690\" target=\"_blank\" rel=\"noreferrer noopener\">numbers 0 -10<\/a><\/td><td><a href=\"https:\/\/wordwall.net\/resource\/98511937\" target=\"_blank\" rel=\"noreferrer noopener\">numbers 1<\/a><\/td><td><a href=\"https:\/\/wordwall.net\/resource\/98512246\" target=\"_blank\" rel=\"noreferrer noopener\">numbers 2<\/a><\/td><td><\/td><td><\/td><td><\/td><td><\/td><td><a href=\"https:\/\/wordwall.net\/resource\/97597716\" data-type=\"link\" data-id=\"https:\/\/wordwall.net\/resource\/97597716\">colours 11<\/a><\/td><td><a href=\"https:\/\/wordwall.net\/resource\/97355445\">colours 10<\/a><\/td><\/tr><tr><td><\/td><td><a href=\"https:\/\/wordwall.net\/resource\/78633290\" data-type=\"link\" data-id=\"https:\/\/wordwall.net\/resource\/78633290\" target=\"_blank\" rel=\"noreferrer noopener\">numbers 0-20<\/a><\/td><td><a href=\"https:\/\/wordwall.net\/resource\/61687190\" target=\"_blank\" rel=\"noreferrer noopener\">numbers 1 <\/a><\/td><td><a href=\"https:\/\/wordwall.net\/resource\/78003918\" target=\"_blank\" rel=\"noreferrer noopener\">numbers 2 <\/a><\/td><td><a href=\"https:\/\/wordwall.net\/resource\/99907215\" target=\"_blank\" rel=\"noreferrer noopener\">numbers 3<\/a><\/td><td><a href=\"https:\/\/www.topworksheets.com\/en\/english-language\/numbers\/numbers-0-20-68f731b377c65\" target=\"_blank\" rel=\"noreferrer noopener\">numbers 4<\/a><\/td><td><\/td><td><\/td><td><\/td><td><\/td><\/tr><tr><td>SPELLING<\/td><td><a href=\"https:\/\/wordwall.net\/resource\/101471668\" data-type=\"link\" data-id=\"https:\/\/wordwall.net\/resource\/101471668\" target=\"_blank\" rel=\"noreferrer noopener\">Spelling 1<\/a><\/td><td><a href=\"https:\/\/wordwall.net\/resource\/101472419\" data-type=\"link\" data-id=\"https:\/\/wordwall.net\/resource\/101472419\" target=\"_blank\" rel=\"noreferrer noopener\">Spelling 2<\/a><\/td><td><a href=\"https:\/\/wordwall.net\/resource\/101659657\">Spelling 3<\/a><\/td><td><a href=\"https:\/\/www.topworksheets.com\/en\/english-language\/spelling\/spelling-dictation-6509b24be6a7b\">Spelling 4<\/a><\/td><td><\/td><td><\/td><td><\/td><td><\/td><td><\/td><\/tr><tr><td>AT SCHOOL<\/td><td><a href=\"https:\/\/wordwall.net\/resource\/103129681\" target=\"_blank\" rel=\"noreferrer noopener\">school 1 <\/a><\/td><td><a href=\"https:\/\/wordwall.net\/resource\/103136902\" target=\"_blank\" rel=\"noreferrer noopener\">school 2<\/a><\/td><td><a href=\"https:\/\/wordwall.net\/resource\/103137043\" target=\"_blank\" rel=\"noreferrer noopener\">school 3 <\/a><\/td><td><a href=\"https:\/\/wordwall.net\/resource\/103137426\" target=\"_blank\" rel=\"noreferrer noopener\">school 4<\/a><\/td><td><a href=\"https:\/\/wordwall.net\/resource\/103137525\" target=\"_blank\" rel=\"noreferrer noopener\">school 5<\/a><\/td><td><\/td><td><\/td><td><\/td><td><\/td><\/tr><tr><td>CHRISTMAS<\/td><td><a href=\"https:\/\/wordwall.net\/resource\/104224833\" target=\"_blank\" rel=\"noreferrer noopener\">Vocabulary 1 <\/a><\/td><td><a href=\"https:\/\/wordwall.net\/resource\/104254674\" target=\"_blank\" rel=\"noreferrer noopener\">Vocabulary 2<\/a><\/td><td><\/td><td><\/td><td><\/td><td><\/td><td><\/td><td><\/td><td><\/td><\/tr><tr><td>CLASSROOM LANGUAGE<\/td><td><a href=\"https:\/\/wordwall.net\/resource\/104972658\">EXER. 1<\/a><\/td><td><a href=\"https:\/\/wordwall.net\/resource\/104972839\" data-type=\"link\" data-id=\"https:\/\/wordwall.net\/resource\/104972839\">EXER. 2<\/a><\/td><td><a href=\"https:\/\/wordwall.net\/resource\/104972975\">EXER. 3<\/a><\/td><td><a href=\"https:\/\/www.topworksheets.com\/en\/english-language\/vocabulary\/classroom-language-6551d64784ab2\" target=\"_blank\" rel=\"noreferrer noopener\">Worksheet1<\/a><\/td><td><a href=\"https:\/\/www.topworksheets.com\/en\/english-language\/vocabulary\/at-school-school-supplies-and-activities-653fc8d784a68\">Worksheet2<\/a><\/td><td><a href=\"https:\/\/www.topworksheets.com\/en\/english-language\/vocabulary\/classroom-language-696f2942baa5a\">Worksheet3<\/a><\/td><td><a href=\"https:\/\/www.topworksheets.com\/en\/english-language\/grammar\/classroom-language-6981bdf3b0b45\">Worksheet 4<\/a><\/td><td><\/td><td><\/td><\/tr><tr><td>BODY<\/td><td><a href=\"https:\/\/wordwall.net\/resource\/64322080\" target=\"_blank\" rel=\"noreferrer noopener\">Vocabulary 1<\/a><\/td><td><a href=\"https:\/\/wordwall.net\/resource\/108068469\">Vocabulary 2<\/a><\/td><td><a href=\"https:\/\/wordwall.net\/resource\/108068724\" target=\"_blank\" rel=\"noreferrer noopener\">Vocabulary 3 <\/a><\/td><td><a href=\"https:\/\/wordwall.net\/resource\/108472862\" target=\"_blank\" rel=\"noreferrer noopener\">Vocabulary 4<\/a><\/td><td><a href=\"https:\/\/wordwall.net\/resource\/108473247\" target=\"_blank\" rel=\"noreferrer noopener\">game 1<\/a><\/td><td><a href=\"https:\/\/www.topworksheets.com\/en\/english-language\/vocabulary\/body-parts-draw-a-monster-69a481c63791c\" target=\"_blank\" rel=\"noreferrer noopener\">Draw  a picture <\/a><\/td><td><a href=\"https:\/\/wordwall.net\/resource\/109163151\">jednotn\u00e9 \/ mno\u017en\u00e9 <\/a><\/td><td><\/td><td><\/td><\/tr><tr><td>PEOPLE<\/td><td><a href=\"https:\/\/wordwall.net\/resource\/109541275\" target=\"_blank\" rel=\"noreferrer noopener\">Vocabulary 1<\/a><\/td><td><a href=\"https:\/\/wordwall.net\/resource\/109632226\" target=\"_blank\" rel=\"noreferrer noopener\">Vocabulary 2<\/a><\/td><td><a href=\"https:\/\/wordwall.net\/resource\/110369939\" target=\"_blank\" rel=\"noreferrer noopener\">Vocabulary 3<\/a><\/td><td><a href=\"https:\/\/wordwall.net\/resource\/110232970\" target=\"_blank\" rel=\"noreferrer noopener\">Texty<\/a> <\/td><td><a href=\"https:\/\/wordwall.net\/resource\/111294913\" target=\"_blank\" rel=\"noreferrer noopener\">p\u0159ekladov\u00e9 cvi\u010den\u00ed<\/a><\/td><td><\/td><td><\/td><td><\/td><td><\/td><\/tr><tr><td>CLOTHES<\/td><td><a href=\"https:\/\/wordwall.net\/resource\/111792343\" target=\"_blank\" rel=\"noreferrer noopener\">Vocabulary 1<\/a><\/td><td><a href=\"https:\/\/wordwall.net\/resource\/111873620\" target=\"_blank\" rel=\"noreferrer noopener\">Vocabulary 2<\/a><\/td><td><a href=\"https:\/\/wordwall.net\/resource\/111873708\" target=\"_blank\" rel=\"noreferrer noopener\">Vocabulary 3<\/a><\/td><td><a href=\"https:\/\/wordwall.net\/resource\/112036225\" target=\"_blank\" rel=\"noreferrer noopener\">\u010dleny barvy oble\u010den\u00ed<\/a><\/td><td><\/td><td><\/td><td><\/td><td><\/td><td><\/td><\/tr><tr><td><\/td><td><\/td><td><\/td><td><\/td><td><\/td><td><\/td><td><\/td><td><\/td><td><\/td><td><\/td><\/tr><tr><td><\/td><td><\/td><td><\/td><td><\/td><td><\/td><td><\/td><td><\/td><td><\/td><td><\/td><td><\/td><\/tr><tr><td><\/td><td><\/td><td><\/td><td><\/td><td><\/td><td><\/td><td><\/td><td><\/td><td><\/td><td><\/td><\/tr><tr><td><\/td><td><\/td><td><\/td><td><\/td><td><\/td><td><\/td><td><\/td><td><\/td><td><\/td><td><\/td><\/tr><tr><td><\/td><td><\/td><td><\/td><td><\/td><td><\/td><td><\/td><td><\/td><td><\/td><td><\/td><td><\/td><\/tr><tr><td><\/td><td><\/td><td><\/td><td><\/td><td><\/td><td><\/td><td><\/td><td><\/td><td><\/td><td><\/td><\/tr><tr><td><\/td><td><\/td><td><\/td><td><\/td><td><\/td><td><\/td><td><\/td><td><\/td><td><\/td><td><\/td><\/tr><tr><td><\/td><td><\/td><td><\/td><td><\/td><td><\/td><td><\/td><td><\/td><td><\/td><td><\/td><td><\/td><\/tr><tr><td><\/td><td><\/td><td><\/td><td><\/td><td><\/td><td><\/td><td><\/td><td><\/td><td><\/td><td><\/td><\/tr><tr><td><\/td><td><\/td><td><\/td><td><\/td><td><\/td><td><\/td><td><\/td><td><\/td><td><\/td><td><\/td><\/tr><tr><td><\/td><td><\/td><td><\/td><td><\/td><td><\/td><td><\/td><td><\/td><td><\/td><td><\/td><td><\/td><\/tr><tr><td><\/td><td><\/td><td><\/td><td><\/td><td><\/td><td><\/td><td><\/td><td><\/td><td><\/td><td><\/td><\/tr><tr><td><\/td><td><\/td><td><\/td><td><\/td><td><\/td><td><\/td><td><\/td><td><\/td><td><\/td><td><\/td><\/tr><tr><td><\/td><td><\/td><td><\/td><td><\/td><td><\/td><td><\/td><td><\/td><td><\/td><td><\/td><td><\/td><\/tr><\/tbody><\/table><\/figure>\n","protected":false},"excerpt":{"rendered":"<p>HELLO pozdrav 1 pozdrav2 pozdrav3 pozdrav 4 COLOURS colours1 colours 2 colours 3 colours 4 colours 5 colours 6 colours 7 colours 8 colours 9 NUMBERS numbers 0 -10 numbers 1 numbers 2 colours 11 colours 10 numbers 0-20 numbers 1 numbers 2 numbers 3 numbers 4 SPELLING Spelling 1 Spelling 2 Spelling 3 Spelling &hellip; <a href=\"https:\/\/jazyk.zsvisnove.eu\/?page_id=1920\" class=\"more-link\">Pokra\u010dovat ve \u010dten\u00ed<span class=\"screen-reader-text\"> &#8222;English &#8211; PRIMARY 3&#8220;<\/span><\/a><\/p>\n","protected":false},"author":2,"featured_media":0,"parent":0,"menu_order":0,"comment_status":"closed","ping_status":"closed","template":"","meta":{"footnotes":""},"class_list":["post-1920","page","type-page","status-publish","hentry"],"_links":{"self":[{"href":"https:\/\/jazyk.zsvisnove.eu\/index.php?rest_route=\/wp\/v2\/pages\/1920","targetHints":{"allow":["GET"]}}],"collection":[{"href":"https:\/\/jazyk.zsvisnove.eu\/index.php?rest_route=\/wp\/v2\/pages"}],"about":[{"href":"https:\/\/jazyk.zsvisnove.eu\/index.php?rest_route=\/wp\/v2\/types\/page"}],"author":[{"embeddable":true,"href":"https:\/\/jazyk.zsvisnove.eu\/index.php?rest_route=\/wp\/v2\/users\/2"}],"replies":[{"embeddable":true,"href":"https:\/\/jazyk.zsvisnove.eu\/index.php?rest_route=%2Fwp%2Fv2%2Fcomments&post=1920"}],"version-history":[{"count":37,"href":"https:\/\/jazyk.zsvisnove.eu\/index.php?rest_route=\/wp\/v2\/pages\/1920\/revisions"}],"predecessor-version":[{"id":2282,"href":"https:\/\/jazyk.zsvisnove.eu\/index.php?rest_route=\/wp\/v2\/pages\/1920\/revisions\/2282"}],"wp:attachment":[{"href":"https:\/\/jazyk.zsvisnove.eu\/index.php?rest_route=%2Fwp%2Fv2%2Fmedia&parent=1920"}],"curies":[{"name":"wp","href":"https:\/\/api.w.org\/{rel}","templated":true}]}}