{"id":1828,"date":"2025-04-04T08:58:47","date_gmt":"2025-04-04T08:58:47","guid":{"rendered":"http:\/\/jazyk.zsvisnove.eu\/?page_id=1828"},"modified":"2026-04-24T05:54:25","modified_gmt":"2026-04-24T05:54:25","slug":"english-primary-5th","status":"publish","type":"page","link":"https:\/\/jazyk.zsvisnove.eu\/?page_id=1828","title":{"rendered":"English &#8211; PRIMARY 5"},"content":{"rendered":"\n<p><span style=\"color: #000000;\"><strong>U\u010cEBNICE PROJECT 1 &#8211; Odkaz na interaktivn\u00ed u\u010debnici Project 1 \/4. edice&nbsp;<a href=\"https:\/\/elt.oup.com\/student\/project\/level1\/?cc=cz&amp;selLanguage=cs\">ZDE&nbsp;<\/a><\/strong><\/span><\/p>\n\n\n\n<p>UNIT 1<\/p>\n\n\n\n<figure class=\"wp-block-table\"><table class=\"has-fixed-layout\"><tbody><tr><td><a href=\"https:\/\/wordwall.net\/resource\/35485103\" target=\"_blank\" rel=\"noreferrer noopener\">Greetings<\/a><\/td><td><a href=\"https:\/\/wordwall.net\/resource\/35593399\" target=\"_blank\" rel=\"noreferrer noopener\">P\u0158ESMY\u010cKA <\/a><\/td><td><a href=\"http:\/\/jazyk.zsvisnove.eu\/wp-content\/uploads\/2017\/10\/Missing-letters.htm\" target=\"_blank\" rel=\"noreferrer noopener\">MISSING LETTERS<\/a><\/td><td><a href=\"https:\/\/wordwall.net\/resource\/35846942\" target=\"_blank\" rel=\"noreferrer noopener\">CROSSWORD<\/a><\/td><td><a href=\"https:\/\/wordwall.net\/resource\/60650349\" target=\"_blank\" rel=\"noreferrer noopener\">Spelling 1<\/a><\/td><td><a href=\"https:\/\/wordwall.net\/resource\/60650349\">Spelling 2<\/a><\/td><\/tr><tr><td><a href=\"https:\/\/wordwall.net\/resource\/22829285\" data-type=\"link\" data-id=\"https:\/\/wordwall.net\/resource\/22829285\" target=\"_blank\" rel=\"noreferrer noopener\">\u010cLEN1<\/a><\/td><td><a href=\"https:\/\/agendaweb.org\/exercises\/grammar\/articles-write-a-an\" target=\"_blank\" rel=\"noreferrer noopener\">\u010cLEN2<\/a><\/td><td><a href=\"Https:\/\/wordwall.net\/resource\/35985374\" data-type=\"link\" data-id=\"Https:\/\/wordwall.net\/resource\/35985374\" target=\"_blank\" rel=\"noreferrer noopener\">\u010cLEN3<\/a><\/td><td><a href=\"https:\/\/wordwall.net\/resource\/77926876\" target=\"_blank\" rel=\"noreferrer noopener\">\u010cLEN4<\/a><\/td><td><a href=\"https:\/\/wordwall.net\/resource\/67122573\" target=\"_blank\" rel=\"noreferrer noopener\">\u010cLEN 5<\/a><\/td><td><a href=\"https:\/\/wordwall.net\/resource\/78556018\" target=\"_blank\" rel=\"noreferrer noopener\">\u010cLEN6<\/a><\/td><\/tr><tr><td><a href=\"https:\/\/wordwall.net\/resource\/78004329\">numbers1<\/a><\/td><td><a href=\"https:\/\/wordwall.net\/resource\/78004329\">numbers 2<\/a><\/td><td><a href=\"https:\/\/wordwall.net\/resource\/61539797\">Classroom language<\/a><\/td><td><a href=\"https:\/\/wordwall.net\/resource\/99636272\">Spelling &#8211; zkratky<\/a><\/td><td><\/td><td><\/td><\/tr><tr><td><a href=\"http:\/\/jazyk.zsvisnove.eu\/wp-content\/uploads\/2017\/10\/plurals-1.htm\" data-type=\"link\" data-id=\"http:\/\/jazyk.zsvisnove.eu\/wp-content\/uploads\/2017\/10\/plurals-1.htm\">plurals1<\/a><\/td><td><a href=\"https:\/\/agendaweb.org\/exercises\/grammar\/plural\/singular-plural-1\">plurals2<\/a><\/td><td><a href=\"https:\/\/agendaweb.org\/exercises\/grammar\/plural\/singular-plural-2\" data-type=\"link\" data-id=\"https:\/\/agendaweb.org\/exercises\/grammar\/plural\/singular-plural-2\">plurals3<\/a><\/td><td><a href=\"https:\/\/wordwall.net\/resource\/36704351\">plurals4<\/a><\/td><td><a href=\"http:\/\/jazyk.zsvisnove.eu\/wp-content\/uploads\/2017\/10\/plurals.htm\">plurals5<\/a><\/td><td><a href=\"https:\/\/wordwall.net\/resource\/79930479\">plurals6<\/a><\/td><\/tr><tr><td><\/td><td><\/td><td><\/td><td><\/td><td><\/td><td><\/td><\/tr><\/tbody><\/table><\/figure>\n\n\n\n<p>UNIT 2<\/p>\n\n\n\n<figure class=\"wp-block-table\"><table class=\"has-fixed-layout\"><tbody><tr><td><a href=\"https:\/\/wordwall.net\/resource\/25335249\">countries quiz 1<\/a><\/td><td><a href=\"https:\/\/wordwall.net\/resource\/25335410\">countries quiz 2<\/a><\/td><td><a href=\"https:\/\/wordwall.net\/resource\/25335854\">countries quiz 3<\/a><\/td><td><a href=\"https:\/\/wordwall.net\/resource\/37796690\">countries &#8211; n\u00e1zvy<\/a><\/td><td><a href=\"https:\/\/wordwall.net\/resource\/37875582\" data-type=\"link\" data-id=\"https:\/\/wordwall.net\/resource\/37875582\">countries-memory game<\/a><\/td><td><\/td><\/tr><tr><td><a href=\"https:\/\/wordwall.net\/resource\/26195891\" target=\"_blank\" rel=\"noreferrer noopener\">osobn\u00ed z\u00e1jmena 1<\/a><\/td><td><a href=\"https:\/\/wordwall.net\/resource\/26252582\" target=\"_blank\" rel=\"noreferrer noopener\">osobn\u00ed z\u00e1jmena 2<\/a><\/td><td><a href=\"https:\/\/wordwall.net\/resource\/38429633\" data-type=\"link\" data-id=\"https:\/\/wordwall.net\/resource\/38429633\" target=\"_blank\" rel=\"noreferrer noopener\">osobn\u00ed z\u00e1jmena 3<\/a><\/td><td><a href=\"https:\/\/wordwall.net\/resource\/105490295\" data-type=\"link\" data-id=\"https:\/\/wordwall.net\/resource\/105490295\" target=\"_blank\" rel=\"noreferrer noopener\">p\u0159ivlast\u0148ovac\u00ed z\u00e1jmena- p\u0159eklad<\/a><\/td><td><a href=\"http:\/\/jazyk.zsvisnove.eu\/wp-content\/uploads\/2017\/10\/dopl\u0148-p\u0159ivlast\u0148ovac\u00ed-z\u00e1jmena.htm\" data-type=\"link\" data-id=\"http:\/\/jazyk.zsvisnove.eu\/wp-content\/uploads\/2017\/10\/dopl\u0148-p\u0159ivlast\u0148ovac\u00ed-z\u00e1jmena.htm\" target=\"_blank\" rel=\"noreferrer noopener\">p\u0159ivl. z\u00e1jmena &#8211; dopl\u0148ova\u010dka<\/a><\/td><td><a href=\"https:\/\/wordwall.net\/resource\/27389334\" data-type=\"link\" data-id=\"https:\/\/wordwall.net\/resource\/27389334\" target=\"_blank\" rel=\"noreferrer noopener\">p\u0159ivlast. z\u00e1jmena &#8211; quiz<\/a><\/td><\/tr><tr><td><a href=\"https:\/\/wordwall.net\/resource\/12383779\" target=\"_blank\" rel=\"noreferrer noopener\">to be 1<\/a><\/td><td><a href=\"http:\/\/jazyk.zsvisnove.eu\/wp-content\/uploads\/2017\/10\/to-be-1.htm\" target=\"_blank\" rel=\"noreferrer noopener\">to be 2<\/a><\/td><td><a href=\"https:\/\/wordwall.net\/resource\/26508639\" target=\"_blank\" rel=\"noreferrer noopener\">to be &#8211; sentences<\/a><\/td><td><a href=\"http:\/\/jazyk.zsvisnove.eu\/wp-content\/uploads\/2017\/10\/to-be-long-short-forms.htm\" data-type=\"link\" data-id=\"http:\/\/jazyk.zsvisnove.eu\/wp-content\/uploads\/2017\/10\/to-be-long-short-forms.htm\" target=\"_blank\" rel=\"noreferrer noopener\">to be long short forms<\/a><\/td><td><a href=\"http:\/\/jazyk.zsvisnove.eu\/wp-content\/uploads\/2017\/10\/to-be-short-answers.htm\" target=\"_blank\" rel=\"noreferrer noopener\">to be short answers 1<\/a><\/td><td><a href=\"https:\/\/wordwall.net\/resource\/39327502\" data-type=\"link\" data-id=\"https:\/\/wordwall.net\/resource\/39327502\" target=\"_blank\" rel=\"noreferrer noopener\">to be short answers2<\/a><\/td><\/tr><tr><td><a href=\"https:\/\/wordwall.net\/resource\/39327590\" target=\"_blank\" rel=\"noreferrer noopener\">to be short answers 3<\/a><\/td><td><a href=\"https:\/\/wordwall.net\/resource\/38461156\" target=\"_blank\" rel=\"noreferrer noopener\">to be questions<\/a><\/td><td><\/td><td><\/td><td><\/td><td><\/td><\/tr><tr><td><a href=\"https:\/\/wordwall.net\/resource\/45062653\" data-type=\"link\" data-id=\"https:\/\/wordwall.net\/resource\/45062653\" target=\"_blank\" rel=\"noreferrer noopener\">questions<\/a><\/td><td><a href=\"https:\/\/wordwall.net\/resource\/86948876\" target=\"_blank\" rel=\"noreferrer noopener\">family-tree<\/a><\/td><td><a href=\"https:\/\/wordwall.net\/resource\/27216600\" target=\"_blank\" rel=\"noreferrer noopener\">family-game<\/a><\/td><td><a href=\"https:\/\/wordwall.net\/resource\/39052916\" target=\"_blank\" rel=\"noreferrer noopener\">family &#8211; vocabulary<\/a><\/td><td><a href=\"https:\/\/wordwall.net\/play\/27389\/334\/937\">test1<\/a><\/td><td><\/td><\/tr><\/tbody><\/table><\/figure>\n\n\n\n<p>UNIT 3<\/p>\n\n\n\n<figure class=\"wp-block-table\"><table class=\"has-fixed-layout\"><tbody><tr><td><a href=\"https:\/\/wordwall.net\/resource\/52524937\" target=\"_blank\" rel=\"noreferrer noopener\">have got 1<\/a><\/td><td><a href=\"http:\/\/jazyk.zsvisnove.eu\/wp-content\/uploads\/2017\/10\/have-got-1.htm\" target=\"_blank\" rel=\"noreferrer noopener\">have got 2<\/a><\/td><td><a href=\"https:\/\/wordwall.net\/resource\/30916941\" target=\"_blank\" rel=\"noreferrer noopener\">have got 3<\/a><\/td><td><a href=\"https:\/\/wordwall.net\/resource\/52525592\" target=\"_blank\" rel=\"noreferrer noopener\">have got 4<\/a><\/td><td><a href=\"https:\/\/wordwall.net\/resource\/52526373\" target=\"_blank\" rel=\"noreferrer noopener\">have got5<\/a><\/td><td><a href=\"https:\/\/wordwall.net\/resource\/52609998\" target=\"_blank\" rel=\"noreferrer noopener\">have got6<\/a><\/td><\/tr><tr><td><a href=\"https:\/\/wordwall.net\/resource\/23406202\" target=\"_blank\" rel=\"noreferrer noopener\">have got x to be<\/a><\/td><td><a href=\"https:\/\/wordwall.net\/resource\/30916941\" target=\"_blank\" rel=\"noreferrer noopener\">have got &#8211; skl\u00e1d\u00e1n\u00ed p\u00edsmen<\/a><\/td><td> <a href=\"https:\/\/wordwall.net\/resource\/30917225\" target=\"_blank\" rel=\"noreferrer noopener\">have got &#8211; skl\u00e1d\u00e1n\u00ed v\u011bt<\/a><\/td><td><\/td><td><\/td><td><\/td><\/tr><tr><td><a href=\"https:\/\/wordwall.net\/resource\/31849710\" target=\"_blank\" rel=\"noreferrer noopener\">school subjects 1<\/a><\/td><td><a href=\"https:\/\/wordwall.net\/resource\/54754501\" target=\"_blank\" rel=\"noreferrer noopener\">school subjects 2<\/a><\/td><td><a href=\"https:\/\/wordwall.net\/resource\/4849047\" target=\"_blank\" rel=\"noreferrer noopener\">At school &#8211; game<\/a><\/td><td><a href=\"https:\/\/wordwall.net\/resource\/66344152\" target=\"_blank\" rel=\"noreferrer noopener\">Animals 1<\/a><\/td><td><a href=\"https:\/\/wordwall.net\/resource\/15816317\" target=\"_blank\" rel=\"noreferrer noopener\">Animals 2<\/a><\/td><td><a href=\"https:\/\/wordwall.net\/resource\/108590716\" target=\"_blank\" rel=\"noreferrer noopener\">Animals 3<\/a><\/td><\/tr><tr><td><a href=\"http:\/\/jazyk.zsvisnove.eu\/wp-content\/uploads\/2017\/10\/shopping.htm\" target=\"_blank\" rel=\"noreferrer noopener\">shopping<\/a><\/td><td><\/td><td><\/td><td><\/td><td><\/td><td><\/td><\/tr><tr><td><a href=\"http:\/\/jazyk.zsvisnove.eu\/wp-content\/uploads\/2017\/10\/this-these.htm\">this-these<\/a><\/td><td><\/td><td><\/td><td><\/td><td><\/td><td><\/td><\/tr><\/tbody><\/table><\/figure>\n\n\n\n<p>UNIT 4<\/p>\n\n\n\n<figure class=\"wp-block-table\"><table class=\"has-fixed-layout\"><tbody><tr><td><a href=\"https:\/\/wordwall.net\/resource\/82141080\">Days of the week<\/a><\/td><td><a href=\"https:\/\/wordwall.net\/resource\/82140424\" target=\"_blank\" rel=\"noreferrer noopener\">Days (before-after)<\/a><\/td><td><\/td><td><\/td><td><\/td><td><\/td><\/tr><tr><td><a href=\"https:\/\/wordwall.net\/resource\/55484286\" target=\"_blank\" rel=\"noreferrer noopener\">My day 1<\/a> <\/td><td><a href=\"https:\/\/wordwall.net\/resource\/55484533\" target=\"_blank\" rel=\"noreferrer noopener\">My day 2<\/a><\/td><td><\/td><td><\/td><td><\/td><td><\/td><\/tr><tr><td><a href=\"https:\/\/wordwall.net\/resource\/56253657\" data-type=\"link\" data-id=\"https:\/\/wordwall.net\/resource\/56253657\" target=\"_blank\" rel=\"noreferrer noopener\">Time 1<\/a><\/td><td><a href=\"https:\/\/wordwall.net\/resource\/56253808\" target=\"_blank\" rel=\"noreferrer noopener\">Time 2<\/a><\/td><td><a href=\"https:\/\/wordwall.net\/resource\/56253952\" target=\"_blank\" rel=\"noreferrer noopener\">Time 3<\/a><\/td><td><a href=\"http:\/\/jazyk.zsvisnove.eu\/wp-content\/uploads\/2017\/10\/time.htm\" target=\"_blank\" rel=\"noreferrer noopener\">Time 4<\/a><\/td><td><a href=\"http:\/\/jazyk.zsvisnove.eu\/wp-content\/uploads\/2017\/10\/What\u00b4s-the-time.htm\" target=\"_blank\" rel=\"noreferrer noopener\">Time 5<\/a><\/td><td><a href=\"https:\/\/wordwall.net\/resource\/92441485\">Time  6<\/a><\/td><\/tr><tr><td><a href=\"https:\/\/wordwall.net\/resource\/7232819\" target=\"_blank\" rel=\"noreferrer noopener\">present 1<\/a><\/td><td><a href=\"https:\/\/wordwall.net\/resource\/854646\" target=\"_blank\" rel=\"noreferrer noopener\">present 2<\/a><\/td><td><a href=\"https:\/\/wordwall.net\/resource\/33460928\">present 3<\/a><\/td><td><a href=\"https:\/\/wordwall.net\/resource\/92837936\" target=\"_blank\" rel=\"noreferrer noopener\">present4<\/a><\/td><td><a href=\"https:\/\/wordwall.net\/resource\/56253952\" target=\"_blank\" rel=\"noreferrer noopener\">Time 7<\/a><\/td><td><\/td><\/tr><tr><td><\/td><td><\/td><td><\/td><td><\/td><td><\/td><td><\/td><\/tr><\/tbody><\/table><\/figure>\n\n\n\n<p>UNIT 5<\/p>\n\n\n\n<figure class=\"wp-block-table\"><table class=\"has-fixed-layout\"><tbody><tr><td><a href=\"http:\/\/jazyk.zsvisnove.eu\/wp-content\/uploads\/2017\/10\/house-vocabulary.htm\">House vocab.<\/a><\/td><td><\/td><td><\/td><td><\/td><td><\/td><td><\/td><\/tr><tr><td><a href=\"http:\/\/jazyk.zsvisnove.eu\/wp-content\/uploads\/2017\/10\/can.htm\">can<\/a><\/td><td><\/td><td><\/td><td><\/td><td><\/td><td><\/td><\/tr><tr><td><a href=\"http:\/\/jazyk.zsvisnove.eu\/wp-content\/uploads\/2017\/10\/prepositions.htm\">p\u0159edlo\u017eky<\/a><\/td><td><\/td><td><\/td><td><\/td><td><\/td><td><\/td><\/tr><tr><td><a href=\"http:\/\/jazyk.zsvisnove.eu\/wp-content\/uploads\/2017\/10\/there-is-are.htm\">there is-are<\/a><\/td><td><\/td><td><\/td><td><\/td><td><\/td><td><\/td><\/tr><tr><td><\/td><td><\/td><td><\/td><td><\/td><td><\/td><td><\/td><\/tr><\/tbody><\/table><\/figure>\n\n\n\n<p>UNIT 6<\/p>\n\n\n\n<figure class=\"wp-block-table\"><table class=\"has-fixed-layout\"><tbody><tr><td><a href=\"http:\/\/jazyk.zsvisnove.eu\/wp-content\/uploads\/2017\/10\/describing-a-person\" target=\"_blank\" rel=\"noreferrer noopener\">popis \u010dlov\u011bka 1<\/a><\/td><td><a href=\"http:\/\/jazyk.zsvisnove.eu\/wp-content\/uploads\/2017\/10\/a-face-1.htm\" target=\"_blank\" rel=\"noreferrer noopener\">popis \u010dlov\u011bka 2<\/a><\/td><td><\/td><td><\/td><td><\/td><td><\/td><\/tr><tr><td><a href=\"http:\/\/jazyk.zsvisnove.eu\/wp-content\/uploads\/2017\/10\/At-a-fast-food-restaurant.htm\">in the restaurant<\/a><\/td><td><\/td><td><\/td><td><\/td><td><\/td><td><\/td><\/tr><tr><td><\/td><td><\/td><td><\/td><td><\/td><td><\/td><td><\/td><\/tr><tr><td><\/td><td><\/td><td><\/td><td><\/td><td><\/td><td><\/td><\/tr><tr><td><\/td><td><\/td><td><\/td><td><\/td><td><\/td><td><\/td><\/tr><\/tbody><\/table><\/figure>\n\n\n\n<p>vocabulary<\/p>\n\n\n\n<figure class=\"wp-block-table\"><table class=\"has-fixed-layout\"><tbody><tr><td><a href=\"https:\/\/wordwall.net\/resource\/38429855\" data-type=\"link\" data-id=\"https:\/\/wordwall.net\/resource\/38429855\">vocabulary 1A<\/a><\/td><td><a href=\"https:\/\/wordwall.net\/resource\/38429890\">vocabulary1B<\/a><\/td><td><a href=\"https:\/\/wordwall.net\/resource\/38429929\">vocabulary 1D<\/a><\/td><\/tr><tr><td><a href=\"https:\/\/wordwall.net\/resource\/38429778\" data-type=\"link\" data-id=\"https:\/\/wordwall.net\/resource\/38429855\">vocabulary 2A<\/a><\/td><td><a href=\"https:\/\/wordwall.net\/resource\/38429822\">vocabulary2B<\/a><\/td><td><\/td><\/tr><tr><td><a href=\"https:\/\/wordwall.net\/resource\/38429960\" data-type=\"link\" data-id=\"https:\/\/wordwall.net\/resource\/38429855\">vocabulary 3A<\/a><\/td><td><\/td><td><\/td><\/tr><tr><td><a href=\"https:\/\/wordwall.net\/resource\/38430057\" data-type=\"link\" data-id=\"https:\/\/wordwall.net\/resource\/38429855\">vocabulary 4A<\/a><\/td><td><a href=\"https:\/\/wordwall.net\/resource\/38430057\">vocabulary4B<\/a><\/td><td><\/td><\/tr><tr><td><\/td><td><\/td><td><\/td><\/tr><tr><td><\/td><td><\/td><td><\/td><\/tr><\/tbody><\/table><\/figure>\n\n\n\n<figure class=\"wp-block-table\"><table class=\"has-fixed-layout\"><tbody><tr><td><a href=\"https:\/\/wordwall.net\/resource\/80312337\" data-type=\"link\" data-id=\"https:\/\/wordwall.net\/resource\/80312337\" target=\"_blank\" rel=\"noreferrer noopener\">Halloween -What is it?<\/a><\/td><td><a href=\"https:\/\/wordwall.net\/resource\/80401148\" data-type=\"link\" data-id=\"https:\/\/wordwall.net\/resource\/80401148\" target=\"_blank\" rel=\"noreferrer noopener\">vocabulary<\/a><\/td><td><a href=\"https:\/\/wordwall.net\/resource\/37211219\" data-type=\"link\" data-id=\"https:\/\/wordwall.net\/resource\/37211219\" target=\"_blank\" rel=\"noreferrer noopener\">memory game<\/a><\/td><\/tr><tr><td><a href=\"https:\/\/wordwall.net\/resource\/23992496\" data-type=\"link\" data-id=\"https:\/\/wordwall.net\/resource\/23992496\" target=\"_blank\" rel=\"noreferrer noopener\">Hallooween crossword<\/a><\/td><td><\/td><td><\/td><\/tr><tr><td><a href=\"https:\/\/wordwall.net\/resource\/39571385\" target=\"_blank\" rel=\"noreferrer noopener\">Christmas<\/a><\/td><td><\/td><td><\/td><\/tr><tr><td><\/td><td><\/td><td><\/td><\/tr><\/tbody><\/table><\/figure>\n","protected":false},"excerpt":{"rendered":"<p>U\u010cEBNICE PROJECT 1 &#8211; Odkaz na interaktivn\u00ed u\u010debnici Project 1 \/4. edice&nbsp;ZDE&nbsp; UNIT 1 Greetings P\u0158ESMY\u010cKA MISSING LETTERS CROSSWORD Spelling 1 Spelling 2 \u010cLEN1 \u010cLEN2 \u010cLEN3 \u010cLEN4 \u010cLEN 5 \u010cLEN6 numbers1 numbers 2 Classroom language Spelling &#8211; zkratky plurals1 plurals2 plurals3 plurals4 plurals5 plurals6 UNIT 2 countries quiz 1 countries quiz 2 countries quiz 3 &hellip; <a href=\"https:\/\/jazyk.zsvisnove.eu\/?page_id=1828\" class=\"more-link\">Pokra\u010dovat ve \u010dten\u00ed<span class=\"screen-reader-text\"> &#8222;English &#8211; PRIMARY 5&#8220;<\/span><\/a><\/p>\n","protected":false},"author":2,"featured_media":0,"parent":0,"menu_order":0,"comment_status":"closed","ping_status":"closed","template":"","meta":{"footnotes":""},"class_list":["post-1828","page","type-page","status-publish","hentry"],"_links":{"self":[{"href":"https:\/\/jazyk.zsvisnove.eu\/index.php?rest_route=\/wp\/v2\/pages\/1828","targetHints":{"allow":["GET"]}}],"collection":[{"href":"https:\/\/jazyk.zsvisnove.eu\/index.php?rest_route=\/wp\/v2\/pages"}],"about":[{"href":"https:\/\/jazyk.zsvisnove.eu\/index.php?rest_route=\/wp\/v2\/types\/page"}],"author":[{"embeddable":true,"href":"https:\/\/jazyk.zsvisnove.eu\/index.php?rest_route=\/wp\/v2\/users\/2"}],"replies":[{"embeddable":true,"href":"https:\/\/jazyk.zsvisnove.eu\/index.php?rest_route=%2Fwp%2Fv2%2Fcomments&post=1828"}],"version-history":[{"count":16,"href":"https:\/\/jazyk.zsvisnove.eu\/index.php?rest_route=\/wp\/v2\/pages\/1828\/revisions"}],"predecessor-version":[{"id":2281,"href":"https:\/\/jazyk.zsvisnove.eu\/index.php?rest_route=\/wp\/v2\/pages\/1828\/revisions\/2281"}],"wp:attachment":[{"href":"https:\/\/jazyk.zsvisnove.eu\/index.php?rest_route=%2Fwp%2Fv2%2Fmedia&parent=1828"}],"curies":[{"name":"wp","href":"https:\/\/api.w.org\/{rel}","templated":true}]}}