{"id":1216,"date":"2023-10-10T05:47:36","date_gmt":"2023-10-10T05:47:36","guid":{"rendered":"http:\/\/jazyk.zsvisnove.eu\/?page_id=1216"},"modified":"2026-04-16T05:57:28","modified_gmt":"2026-04-16T05:57:28","slug":"kurzy-pro-dospele","status":"publish","type":"page","link":"https:\/\/jazyk.zsvisnove.eu\/?page_id=1216","title":{"rendered":"KURZY PRO DOSP\u011aL\u00c9"},"content":{"rendered":"<h2>New eglish file &#8211; <a href=\"https:\/\/elt.oup.com\/student\/englishfile\/?cc=cz&amp;selLanguage=cs\">stahov\u00e1n\u00ed materi\u00e1l\u016f<\/a><\/h2>\n<h2>NEW ENGLISH FILE ELEMENTARY A<\/h2>\n<p><strong>unit 1<\/strong><\/p>\n<div class=\"table-responsive\"><table  style=\"width:100%; \"  class=\"easy-table easy-table-default \" border=\"0\">\n<thead>\r\n<tr><th ><a href=\"https:\/\/wordwall.net\/resource\/80319117\">slov\u00ed\u010dka 1A<\/a><\/th>\n<th > <a href=\"https:\/\/wordwall.net\/resource\/80482711\" target=\"_blank\" rel=\"noopener\">slov\u00ed\u010dka 1A se zvukem<\/a><\/th>\n<th >\u00a0<\/th>\n<\/tr>\n<\/thead>\n<tbody><\/tbody><\/table><\/div>\n<p><strong>unit 5<\/strong><\/p>\n<div class=\"table-responsive\"><table  style=\"width:100%; \"  class=\"easy-table easy-table-default \" border=\"0\">\n<thead>\r\n<tr><th ><a href=\"https:\/\/wordwall.net\/resource\/61895672\">vocabulary unit 5 -1. \u010d\u00e1st<\/a><\/th>\n<th ><a href=\"https:\/\/wordwall.net\/resource\/63144718\">vocabulary unit 5 &#8211; 2. \u010d\u00e1st<\/a><\/th>\n<th >\u00a0 \u00a0<a href=\"https:\/\/wordwall.net\/resource\/63528305\">unit 5 -3.\u010d\u00e1st<\/a> <\/th>\n<th >\u00a0<a href=\"https:\/\/wordwall.net\/resource\/61895331\">ot\u00e1zky <\/th>\n<th ><\/a> <a href=\"https:\/\/wordwall.net\/resource\/64816203\">unit 5 &#8211; 4.\u010d\u00e1st<\/a><\/th>\n<th > <a href=\"https:\/\/wordwall.net\/resource\/39155906\">Clothes<\/a><\/th>\n<th > <a href=\"https:\/\/wordwall.net\/resource\/67223960\">Opakov\u00e1n\u00ed 1-5<\/a><\/th>\n<th ><\/th>\n<\/tr>\n<\/thead>\n<tbody><\/tbody><\/table><\/div>\n<p><strong>unit 6<\/strong><\/p>\n<div class=\"table-responsive\"><table  style=\"width:100%; \"  class=\"easy-table easy-table-default \" border=\"0\">\n<thead>\r\n<tr><th >\u00a0\u00a0<a href=\"https:\/\/wordwall.net\/resource\/71116402\">slov\u00ed\u010dka 6C<\/a><\/th>\n<th ><\/th>\n<\/tr>\n<\/thead>\n<tbody><\/tbody><\/table><\/div>\n<div class=\"table-responsive\"><table  style=\"width:100%; \"  class=\"easy-table easy-table-default \" border=\"0\">\n<thead>\r\n<tr><th >\u00a0<\/th>\n<\/tr>\n<\/thead>\n<tbody><\/tbody><\/table><\/div>\n<h2>NEW ENGLISH FILE ELEMENTARY B<\/h2>\n<p>unit 7<\/p>\n<div class=\"table-responsive\"><table  style=\"width:100%; \"  class=\"easy-table easy-table-default \" border=\"0\">\n<thead>\r\n<tr><th ><a href=\"https:\/\/wordwall.net\/resource\/80393093\">slov\u00ed\u010dka 7A<\/a><\/th>\n<th > <a href=\"https:\/\/wordwall.net\/resource\/67059623\">In the town<\/a><\/th>\n<th >\u00a0 <a href=\"https:\/\/wordwall.net\/resource\/69411411\">Asking the way<\/a><\/th>\n<th ><\/th>\n<\/tr>\n<\/thead>\n<tbody><\/tbody><\/table><\/div>\n<p>unit 8<\/p>\n<div class=\"table-responsive\"><table  style=\"width:100%; \"  class=\"easy-table easy-table-default \" border=\"0\">\n<thead>\r\n<tr><th ><a href=\"https:\/\/wordwall.net\/resource\/99633526\">speaking cards<\/a><\/th>\n<th > <a href=\"https:\/\/wordwall.net\/resource\/61787025\">unit 7\/8 revise and check<\/a><\/th>\n<th > <a href=\"https:\/\/wordwall.net\/resource\/100175635\">unit 8C<\/a><\/th>\n<th > <a href=\"https:\/\/wordwall.net\/resource\/103800470\">v\u00fdslovnost<\/a><\/th>\n<\/tr>\n<\/thead>\n<tbody><\/tbody><\/table><\/div>\n<p>unit 9<\/p>\n<div class=\"table-responsive\"><table  style=\"width:100%; \"  class=\"easy-table easy-table-default \" border=\"0\">\n<thead>\r\n<tr><th ><a href=\"https:\/\/wordwall.net\/resource\/105561727\"> 9.A<\/a><\/th>\n<th > <a href=\"https:\/\/wordwall.net\/resource\/105562818\">food and drinks<\/a><\/th>\n<th >\u00a0 <a href=\"https:\/\/wordwall.net\/resource\/68639669\">9.B<\/a><\/th>\n<th > <a href=\"https:\/\/wordwall.net\/resource\/74228248\">airport<\/a><\/th>\n<th >\u00a0 <a href=\"https:\/\/wordwall.net\/resource\/110986077\">9 Practical English<\/a><\/th>\n<\/tr>\n<\/thead>\n<tbody><\/tbody><\/table><\/div>\n<div class=\"table-responsive\"><table  style=\"width:100%; \"  class=\"easy-table easy-table-default \" border=\"0\">\n<thead>\r\n<tr><th ><a href=\"https:\/\/wordwall.net\/resource\/111467248\">10.A<\/a><\/th>\n<\/tr>\n<\/thead>\n<tbody><\/tbody><\/table><\/div>\n<p>\u00a0<\/p>\n<h2>NEW ENGLISH FILE PRE-INTERMEDIATE<\/h2>\n<p>unit 7 <div class=\"table-responsive\"><table  style=\"width:100%; \"  class=\"easy-table easy-table-default \" border=\"0\">\n<thead>\r\n<tr><th ><a href=\"https:\/\/wordwall.net\/resource\/61821795\">Kinds of books<\/a><\/th>\n<th >\u00a0 <a href=\"https:\/\/wordwall.net\/resource\/61822252\">Kinds of films<\/a><\/th>\n<th > <a href=\"https:\/\/wordwall.net\/resource\/62235403\">unit 7vocabulary<\/a><\/th>\n<th > <a href=\"https:\/\/wordwall.net\/resource\/63082894\">unit 7 &#8211; 2. \u010d\u00e1st vocabulary<\/a><\/th>\n<th >\u00a0 <a href=\"https:\/\/wordwall.net\/resource\/63485261\">7.B- slovesa s -ing<\/a><\/th>\n<th > &#8211;<a href=\"https:\/\/wordwall.net\/resource\/64278767\">ing \/ to\u00a0<\/a> <\/th>\n<th > <a href=\"https:\/\/wordwall.net\/resource\/64694176\">p\u0159ekladov\u00e9 cvi\u010den\u00ed<\/a><\/th>\n<th > <a href=\"https:\/\/wordwall.net\/resource\/65099208\">slovesa &#8211; kv\u00edz<\/a><\/th>\n<th ><\/th>\n<\/tr>\n<\/thead>\n<tbody><\/tbody><\/table><\/div><\/p>\n<p>unit 8 <div class=\"table-responsive\"><table  style=\"width:100%; \"  class=\"easy-table easy-table-default \" border=\"0\">\n<thead>\r\n<tr><th ><a href=\"https:\/\/wordwall.net\/resource\/67507515\">8.A fr\u00e1ze<\/a><\/th>\n<th > <a href=\"https:\/\/wordwall.net\/resource\/68640777\">sloveso get 1<\/a><\/th>\n<th > <a href=\"https:\/\/wordwall.net\/resource\/68641692\">sloveso get 2<\/a><\/th>\n<th >\u00a0<a href=\"https:\/\/wordwall.net\/resource\/69909154\">confusing verbs<\/a><\/th>\n<th > <a href=\"https:\/\/wordwall.net\/resource\/69905046\">natural disasters<\/a><\/th>\n<th > <a href=\"https:\/\/wordwall.net\/resource\/71756247\">z\u00e1jmena<\/a><\/th>\n<th >\u00a0 <a href=\"https:\/\/wordwall.net\/resource\/73305745\">Conditionals<\/a><\/th>\n<\/tr>\n<\/thead>\n<tbody><\/tbody><\/table><\/div><\/p>\n<p>unit 9<\/p>\n<div class=\"table-responsive\"><table  style=\"width:100%; \"  class=\"easy-table easy-table-default \" border=\"0\">\n<thead>\r\n<tr><th ><a href=\"https:\/\/wordwall.net\/resource\/81272145\">vocabulary 9A<\/a><\/th>\n<th > <a href=\"https:\/\/wordwall.net\/resource\/81272859\">vocabulary 9B<\/a><\/th>\n<th > <a href=\"https:\/\/wordwall.net\/resource\/83226061\">vocabulary 9C<\/a><\/th>\n<th > <a href=\"https:\/\/wordwall.net\/resource\/87061888\">9 practical language<\/a>\u00a0<\/th>\n<\/tr>\n<\/thead>\n<tbody><\/tbody><\/table><\/div>\n<p>unit 10<\/p>\n<div class=\"table-responsive\"><table  style=\"width:100%; \"  class=\"easy-table easy-table-default \" border=\"0\">\n<thead>\r\n<tr><th ><a href=\"https:\/\/wordwall.net\/resource\/89633723\">vocabulary 10B<\/a> <\/th>\n<th > <a href=\"https:\/\/wordwall.net\/resource\/90521202\">vocabulary10C<\/a><\/th>\n<\/tr>\n<\/thead>\n<tbody><\/tbody><\/table><\/div>\n<p>unit 11<\/p>\n<div class=\"table-responsive\"><table  style=\"width:100%; \"  class=\"easy-table easy-table-default \" border=\"0\">\n<thead>\r\n<tr><th ><a href=\"https:\/\/wordwall.net\/resource\/99654092\">vocabulary 11A<\/a><\/th>\n<th > <a href=\"https:\/\/wordwall.net\/resource\/102345598\">phrasal verbs<\/a><\/th>\n<th > <a href=\"https:\/\/wordwall.net\/resource\/102364421\">phrasal verbs &#8211; procv<\/a>.<\/th>\n<th > <a href=\"https:\/\/wordwall.net\/resource\/102876792\">phrasal verbs &#8211; p\u0159eklad<\/a><\/th>\n<\/tr>\n<\/thead>\n<tbody><\/tbody><\/table><\/div>\n\n\n<p><\/p>\n","protected":false},"excerpt":{"rendered":"<p>New eglish file &#8211; stahov\u00e1n\u00ed materi\u00e1l\u016f NEW ENGLISH FILE ELEMENTARY A unit 1 unit 5 unit 6 NEW ENGLISH FILE ELEMENTARY B unit 7 unit 8 unit 9 \u00a0 NEW ENGLISH FILE PRE-INTERMEDIATE unit 7 unit 8 unit 9 unit 10 unit 11<\/p>\n","protected":false},"author":2,"featured_media":0,"parent":0,"menu_order":0,"comment_status":"closed","ping_status":"closed","template":"","meta":{"footnotes":""},"class_list":["post-1216","page","type-page","status-publish","hentry"],"_links":{"self":[{"href":"https:\/\/jazyk.zsvisnove.eu\/index.php?rest_route=\/wp\/v2\/pages\/1216","targetHints":{"allow":["GET"]}}],"collection":[{"href":"https:\/\/jazyk.zsvisnove.eu\/index.php?rest_route=\/wp\/v2\/pages"}],"about":[{"href":"https:\/\/jazyk.zsvisnove.eu\/index.php?rest_route=\/wp\/v2\/types\/page"}],"author":[{"embeddable":true,"href":"https:\/\/jazyk.zsvisnove.eu\/index.php?rest_route=\/wp\/v2\/users\/2"}],"replies":[{"embeddable":true,"href":"https:\/\/jazyk.zsvisnove.eu\/index.php?rest_route=%2Fwp%2Fv2%2Fcomments&post=1216"}],"version-history":[{"count":50,"href":"https:\/\/jazyk.zsvisnove.eu\/index.php?rest_route=\/wp\/v2\/pages\/1216\/revisions"}],"predecessor-version":[{"id":2256,"href":"https:\/\/jazyk.zsvisnove.eu\/index.php?rest_route=\/wp\/v2\/pages\/1216\/revisions\/2256"}],"wp:attachment":[{"href":"https:\/\/jazyk.zsvisnove.eu\/index.php?rest_route=%2Fwp%2Fv2%2Fmedia&parent=1216"}],"curies":[{"name":"wp","href":"https:\/\/api.w.org\/{rel}","templated":true}]}}