{"id":81,"date":"2017-10-27T17:25:10","date_gmt":"2017-10-27T17:25:10","guid":{"rendered":"http:\/\/jazyk.zsvisnove.eu\/?page_id=81"},"modified":"2025-04-24T08:02:13","modified_gmt":"2025-04-24T08:02:13","slug":"deutsch-eva-machova","status":"publish","type":"page","link":"http:\/\/jazyk.zsvisnove.eu\/?page_id=81","title":{"rendered":"DEUTSCH &#8211; EVA MACHOV\u00c1"},"content":{"rendered":"<h2>Team Deutsch neu<\/h2>\n<h3>Lektion 1<\/h3>\n\n\n<figure class=\"wp-block-table\"><table class=\"has-fixed-layout\"><tbody><tr><td><strong><a href=\"https:\/\/wordwall.net\/resource\/77868445\">Buchstabieren<\/a> <\/strong><\/td><td><a href=\"https:\/\/wordwall.net\/resource\/78713961\"><strong>Kurssprache1<\/strong><\/a><\/td><td><strong><a href=\"https:\/\/wordwall.net\/resource\/60268708\">Kurssprache2<\/a><\/strong><\/td><td><strong><a href=\"https:\/\/wordwall.net\/resource\/79164495\">Kurssprache3<\/a><\/strong><\/td><td><strong><a href=\"https:\/\/wordwall.net\/resource\/79164835\">Kurssprache4<\/a> <\/strong><\/td><td><\/td><\/tr><tr><td><a href=\"https:\/\/wordwall.net\/resource\/61478426\">pozdravy<\/a><\/td><td><a href=\"https:\/\/wordwall.net\/resource\/80089544\">prvn\u00ed kontakty<\/a><\/td><td><a href=\"https:\/\/wordwall.net\/resource\/80960964\">skl\u00e1d\u00e1n\u00ed v\u011bt<\/a><\/td><td><a href=\"https:\/\/wordwall.net\/resource\/85462065\">spoj dvojice<\/a><\/td><td><a href=\"https:\/\/wordwall.net\/resource\/85461684\">dopl\u0148 text<\/a><\/td><td><\/td><\/tr><tr><td><\/td><td><\/td><td><\/td><td><\/td><td><\/td><td><\/td><\/tr><tr><td><\/td><td><\/td><td><\/td><td><\/td><td><\/td><td><\/td><\/tr><tr><td><\/td><td><\/td><td><\/td><td><\/td><td><\/td><td><\/td><\/tr><\/tbody><\/table><\/figure>\n\n\n<h3>Lektion 2<\/h3>\n\n\n<figure class=\"wp-block-table\"><table class=\"has-fixed-layout\"><tbody><tr><td><a href=\"https:\/\/wordwall.net\/resource\/69952588\">Schulsachen1<\/a><\/td><td><a href=\"https:\/\/wordwall.net\/resource\/87994322\">Schulsachen2<\/a><\/td><td><a href=\"https:\/\/wordwall.net\/resource\/87995082\">Schulsachen3<\/a><\/td><td><a href=\"https:\/\/wordwall.net\/resource\/71053076\">Schulsachen4<\/a><\/td><td><a href=\"https:\/\/wordwall.net\/resource\/71405402\" target=\"_blank\" rel=\"noreferrer noopener\">Schulf\u00e4cher <\/a><\/td><td><\/td><\/tr><tr><td><a href=\"https:\/\/wordwall.net\/resource\/71405402\">Schulf\u00e4cher<\/a><\/td><td><a href=\"https:\/\/wordwall.net\/resource\/73614486\">Schulsachen + mein\/dein\/kein1<\/a><\/td><td><a href=\"https:\/\/wordwall.net\/resource\/74612060\">Schulsachen + \u010dleny, z\u00e1jmena<\/a><\/td><td><a href=\"https:\/\/wordwall.net\/resource\/90210370\">Schulsachen &#8211; procvi\u010dov\u00e1n\u00ed v\u011bt s \u010dlenem a z\u00e1jmeny<\/a><\/td><td><a href=\"https:\/\/wordwall.net\/resource\/90952386\" target=\"_blank\" rel=\"noreferrer noopener\">Tage in der Woche 1<\/a> <\/td><td><a href=\"https:\/\/wordwall.net\/resource\/90952632\" target=\"_blank\" rel=\"noreferrer noopener\">Tage in der Woche 2<\/a><\/td><\/tr><tr><td><\/td><td><\/td><td><\/td><td><\/td><td><\/td><td><\/td><\/tr><tr><td><\/td><td><\/td><td><\/td><td><\/td><td><\/td><td><\/td><\/tr><tr><td><\/td><td><\/td><td><\/td><td><\/td><td><\/td><td><\/td><\/tr><\/tbody><\/table><\/figure>\n\n\n<h3>Lektion 3<\/h3>\n\n\n<figure class=\"wp-block-table\"><table class=\"has-fixed-layout\"><tbody><tr><td><a href=\"https:\/\/wordwall.net\/resource\/79647715\">slov\u00ed\u010dka1<\/a><\/td><td><a href=\"https:\/\/wordwall.net\/resource\/83315834\">Meine Familie<\/a><\/td><td>&nbsp;<\/td><td>&nbsp;<\/td><td>&nbsp;<\/td><td>&nbsp;<\/td><\/tr><tr><td>&nbsp;<\/td><td>&nbsp;<\/td><td>&nbsp;<\/td><td>&nbsp;<\/td><td>&nbsp;<\/td><td>&nbsp;<\/td><\/tr><tr><td>&nbsp;<\/td><td>&nbsp;<\/td><td>&nbsp;<\/td><td>&nbsp;<\/td><td>&nbsp;<\/td><td>&nbsp;<\/td><\/tr><tr><td>&nbsp;<\/td><td>&nbsp;<\/td><td>&nbsp;<\/td><td>&nbsp;<\/td><td>&nbsp;<\/td><td>&nbsp;<\/td><\/tr><tr><td>&nbsp;<\/td><td>&nbsp;<\/td><td>&nbsp;<\/td><td>&nbsp;<\/td><td>&nbsp;<\/td><td>&nbsp;<\/td><\/tr><\/tbody><\/table><\/figure>\n\n\n<h3>Lektion 4<\/h3>\n<p>\n\n\n<\/p>\n<figure class=\"wp-block-table\">\n<table class=\"has-fixed-layout\">\n<tbody>\n<tr>\n<td><a href=\"https:\/\/wordwall.net\/resource\/53065654\">nepravideln\u00e1 slovesa<\/a><\/td>\n<td>\u00a0<\/td>\n<td>\u00a0<\/td>\n<td>\u00a0<\/td>\n<td>\u00a0<\/td>\n<td>\u00a0<\/td>\n<\/tr>\n<tr>\n<td><a href=\"https:\/\/wordwall.net\/resource\/90211763\">protiklady p\u0159\u00edd. jmen<\/a><\/td>\n<td>\u00a0<\/td>\n<td>\u00a0<\/td>\n<td>\u00a0<\/td>\n<td>\u00a0<\/td>\n<td>\u00a0<\/td>\n<\/tr>\n<tr>\n<td>\u00a0<\/td>\n<td>\u00a0<\/td>\n<td>\u00a0<\/td>\n<td>\u00a0<\/td>\n<td>\u00a0<\/td>\n<td>\u00a0<\/td>\n<\/tr>\n<tr>\n<td>\u00a0<\/td>\n<td>\u00a0<\/td>\n<td>\u00a0<\/td>\n<td>\u00a0<\/td>\n<td>\u00a0<\/td>\n<td>\u00a0<\/td>\n<\/tr>\n<tr>\n<td>\u00a0<\/td>\n<td>\u00a0<\/td>\n<td>\u00a0<\/td>\n<td>\u00a0<\/td>\n<td>\u00a0<\/td>\n<td>\u00a0<\/td>\n<\/tr>\n<\/tbody>\n<\/table>\n<\/figure>\n<p>\n\n\n<\/p>\n<h2><span style=\"color: #000000;\"><strong>SLOVN\u00cd Z\u00c1SOBA &#8211; Wortschatz<\/strong><\/span><\/h2>\n<div class=\"table-responsive\"><table  style=\"width:100%; \"  class=\"easy-table easy-table-default \" border=\"0\">\n<thead>\r\n<tr><th ><a href=\"https:\/\/wordwall.net\/resource\/21004128\">Quiz &#8211; Deutschland<\/a> <\/th>\n<th >\u00a0\u00a0\u00a0<a href=\"http:\/\/jazyk.zsvisnove.eu\/wp-content\/uploads\/2017\/10\/k\u0159\u00ed\u017eovka-\u010d\u00edsla-1.htm\">\u010d\u00edsla<\/a>\u00a0<\/th>\n<th >\u00a0<a href=\"http:\/\/jazyk.zsvisnove.eu\/wp-content\/uploads\/2017\/10\/k\u0159\u00ed\u017eovka-potraviny.htm\">potraviny<\/th>\n<th >\u00a0 \u00a0<\/a><a href=\"http:\/\/jazyk.zsvisnove.eu\/wp-content\/uploads\/2017\/10\/K\u0158\u00cd\u017dOVKA-OBLE\u010cEN\u00cd.htm\">oble\u010den\u00ed<\/a>\u00a0<\/th>\n<th > \u00a0<a href=\"http:\/\/jazyk.zsvisnove.eu\/wp-content\/uploads\/2017\/10\/hodiny.htm\">hodiny<\/a>\u00a0<\/th>\n<th > <a href=\"https:\/\/wordwall.net\/resource\/33424937\">zv\u00ed\u0159ata<\/a><\/th>\n<th > <a href=\"https:\/\/wordwall.net\/resource\/63916008\">osobn\u00ed \u00fadaje<\/a><\/th>\n<\/tr>\n<\/thead>\n<tbody><\/tbody><\/table><\/div>\n<div class=\"table-responsive\"><table  style=\"width:100%; \"  class=\"easy-table easy-table-default \" border=\"0\">\n<thead>\r\n<tr><th >\u00a0<a href=\"http:\/\/jazyk.zsvisnove.eu\/wp-content\/uploads\/2017\/10\/qiuz-\u010dleny-potravin.htm\">qiuz \u010dleny potravin<\/a><\/th>\n<th ><a href=\"https:\/\/wordwall.net\/resource\/43093748\">quiz \u010dleny potravin 1<\/a><\/th>\n<th >\u00a0<a href=\"https:\/\/wordwall.net\/resource\/33402123\">\u0160koln\u00ed p\u0159em\u011bty<\/a>\u00a0<\/th>\n<th ><a href=\"https:\/\/wordwall.net\/resource\/37296549\">\u010d\u00edslovky 1-20<\/a><\/th>\n<th >\u00a0<a href=\"https:\/\/wordwall.net\/resource\/33402773\/angli%c4%8dtina\/klett-1-lekce-21\">\u0161kola<\/a><\/th>\n<\/tr>\n<\/thead>\n<tbody><\/tbody><\/table><\/div>\n<div class=\"table-responsive\"><table  style=\"width:100%; \"  class=\"easy-table easy-table-default \" border=\"0\">\n<thead>\r\n<tr><th ><a href=\"https:\/\/www.topworksheets.com\/de\/deutsch\/lesen\/internet-und-sms-verk%C3%BCrzungen-6360d1db63382\">SMS Verk\u00fcrzungen<\/a><\/th>\n<th >\u00a0 <a href=\"https:\/\/wordwall.net\/resource\/37295784\">\u010d\u00edslovky do 100<\/a><\/th>\n<th > <a href=\"https:\/\/wordwall.net\/resource\/37296549\">\u010d\u00edslovky &#8211; hra<\/a><\/th>\n<th ><\/th>\n<\/tr>\n<\/thead>\n<tbody><\/tbody><\/table><\/div>\n<h2><span style=\"color: #000000;\"><strong>Grammatik<\/strong>\u00a0<\/span><\/h2>\n<div class=\"table-responsive\"><table  style=\"width:100%; \"  class=\"easy-table easy-table-default \" border=\"0\">\n<thead>\r\n<tr><th >\u00a0\u00a0<a href=\"https:\/\/wordwall.net\/resource\/66814968\">\u010dasujeme slovesa<\/a>\u00a0<\/th>\n<th >\u00a0\u00a0<a href=\"https:\/\/wordwall.net\/resource\/11609108\">koncovky sloves<\/a><\/th>\n<th >\u00a0 <a href=\"http:\/\/jazyk.zsvisnove.eu\/wp-content\/uploads\/2017\/10\/\u010dasov\u00e1n\u00ed-sloves-v-textu.htm\">\u010dasov\u00e1n\u00ed sloves v textu<\/a><\/th>\n<th >\u00a0<a href=\"http:\/\/jazyk.zsvisnove.eu\/wp-content\/uploads\/2017\/10\/\u010dasov\u00e1n\u00ed-sloves-1.htm\">\u010dasov\u00e1n\u00ed sloves<\/a><\/th>\n<th >\u00a0\u00a0\u00a0<a href=\"http:\/\/jazyk.zsvisnove.eu\/wp-content\/uploads\/2017\/10\/osoby-sloves.htm\">osoby slovesa<\/a><\/th>\n<th > <a href=\"https:\/\/wordwall.net\/resource\/36431788\">sloveso b\u00fdt<\/th>\n<th >\u00a0\u00a0<\/a><a href=\"https:\/\/wordwall.net\/resource\/26302958\">\u00a0slovesa MIX<\/a><\/th>\n<\/tr>\n<\/thead>\n<tbody><\/tbody><\/table><\/div>\n<div class=\"table-responsive\"><table  style=\"width:100%; \"  class=\"easy-table easy-table-default \" border=\"0\">\n<thead>\r\n<tr><th >\u00a0<a href=\"http:\/\/jazyk.zsvisnove.eu\/wp-content\/uploads\/2017\/10\/sklo\u0148ov\u00e1n\u00ed-\u010dlenu.htm\">sklo\u0148ov\u00e1n\u00ed-\u010dlenu<\/a><\/th>\n<th >\u00a0\u00a0<a href=\"http:\/\/jazyk.zsvisnove.eu\/wp-content\/uploads\/2017\/10\/osobn\u00ed-z\u00e1jmena.htm\">osobn\u00ed-z\u00e1jmena<\/a><\/th>\n<th >\u00a0\u00a0<a href=\"https:\/\/wordwall.net\/resource\/30118749\">p\u0159ivlast\u0148ovac\u00ed z\u00e1jmena1<\/a>\u00a0<\/th>\n<th > \u00a0<a href=\"http:\/\/jazyk.zsvisnove.eu\/wp-content\/uploads\/2017\/10\/p\u0159ivl.-z\u00e1jmena.htm\">p\u0159ivl. z\u00e1jmena2<\/a><\/th>\n<th > <a href=\"https:\/\/wordwall.net\/resource\/56116848\">p\u0159ivl. z\u00e1jmena 3<\/a><\/th>\n<th >\u00a0<a href=\"https:\/\/www.topworksheets.com\/de\/deutsch\/grammatik\/verben-konjugieren-im-pr%C3%A4sens-635fb985a8ef1\">slovesa<\/a><\/th>\n<\/tr>\n<\/thead>\n<tbody><\/tbody><\/table><\/div>\n<div class=\"table-responsive\"><table  style=\"width:100%; \"  class=\"easy-table easy-table-default \" border=\"0\">\n<thead>\r\n<tr><th ><a href=\"https:\/\/wordwall.net\/play\/844\/706\/139\">Odlu\u010diteln\u00e9 p\u0159edpony<\/a><\/th>\n<th >\u00a0<a href=\"http:\/\/jazyk.zsvisnove.eu\/wp-content\/uploads\/2017\/10\/tvary-rozkaz.-zp\u016fsobu-2.htm\">rozkaz. zp\u016fsob 1<\/a>\u00a0<\/th>\n<th >\u00a0<a href=\"http:\/\/jazyk.zsvisnove.eu\/wp-content\/uploads\/2017\/10\/tvary-rozkaz.-zp\u016fsobu-1.htm\">rozkaz. zp\u016fsob<\/th>\n<th >\u00a0\u00a0<\/a><a href=\"https:\/\/www.liveworksheets.com\/be1971007mv\">HODINY<\/a> \u00a0<\/th>\n<\/tr>\n<\/thead>\n<tbody><\/tbody><\/table><\/div>\n<div class=\"table-responsive\"><table  style=\"width:100%; \"  class=\"easy-table easy-table-default \" border=\"0\">\n<thead>\r\n<tr><th >\u00a0\u00a0<a href=\"https:\/\/wordwall.net\/resource\/24297052\">Skladba jednoduch\u00e9 v\u011bty<\/a><\/th>\n<th > <a href=\"https:\/\/wordwall.net\/resource\/37146066\">\u010dleny<\/a><\/th>\n<th > <a href=\"https:\/\/wordwall.net\/resource\/38045054\">\u010dleny mix<\/a>\u00a0<\/th>\n<th > <a href=\"https:\/\/wordwall.net\/resource\/38202704\">\u010dleny mix 2<\/a><\/th>\n<\/tr>\n<\/thead>\n<tbody><\/tbody><\/table><\/div>\n<div class=\"table-responsive\"><table  style=\"width:100%; \"  class=\"easy-table easy-table-default \" border=\"0\">\n<thead>\r\n<tr><th >\u00a0<a href=\"http:\/\/jazyk.zsvisnove.eu\/wp-content\/uploads\/2017\/10\/p\u0159edlo\u017eky-1.htm\">p\u0159edlo\u017eky 1<\/a><\/th>\n<th >\u00a0<a href=\"http:\/\/jazyk.zsvisnove.eu\/wp-content\/uploads\/2017\/10\/p\u0159edlo\u017eky-2.htm\">p\u0159edlo\u017eky 2<\/a><\/th>\n<th >\u00a0\u00a0<a href=\"http:\/\/jazyk.zsvisnove.eu\/wp-content\/uploads\/2017\/10\/\u010dleny-po-p\u0159edl..htm\">p\u0159edl. 3 nebo 4.p<\/a>\u00a0<\/th>\n<th ><a href=\"http:\/\/jazyk.zsvisnove.eu\/wp-content\/uploads\/2017\/10\/P\u0159edlo\u017eky-mix.htm\">P\u0159edlo\u017eky mix<\/a><\/th>\n<\/tr>\n<\/thead>\n<tbody><\/tbody><\/table><\/div>\n<div class=\"table-responsive\"><table  style=\"width:100%; \"  class=\"easy-table easy-table-default \" border=\"0\">\n<thead>\r\n<tr><th >\u00a0<a href=\"http:\/\/jazyk.zsvisnove.eu\/wp-content\/uploads\/2017\/10\/quiz-p\u0159edlo\u017eky.htm\">p\u0159edlo\u017eky 3a4 p.<\/a><\/th>\n<th >\u00a0<a href=\"http:\/\/jazyk.zsvisnove.eu\/wp-content\/uploads\/2017\/10\/quiz-p\u0159edlo\u017eky-\u010dasov\u00fdch-\u00fadaj\u016f.htm\">p\u0159edlo\u017eky \u010dasov\u00fdch \u00fadaj\u016f<\/a><\/th>\n<th >\u00a0\u00a0\u00a0<a href=\"http:\/\/jazyk.zsvisnove.eu\/wp-content\/uploads\/2017\/10\/nepravideln\u00e1-slovesa.htm\">nepravideln\u00e1-slovesa<\/a>\u00a0<\/th>\n<th > <a href=\"https:\/\/wordwall.net\/resource\/53065654\">nepravideln\u00e1 slovesa 2<\/a><\/th>\n<\/tr>\n<\/thead>\n<tbody><\/tbody><\/table><\/div>\n<div class=\"table-responsive\"><table  style=\"width:100%; \"  class=\"easy-table easy-table-default \" border=\"0\">\n<thead>\r\n<tr><th >\u00a0\u00a0 \u00a0<a href=\"http:\/\/jazyk.zsvisnove.eu\/wp-content\/uploads\/2017\/10\/protiklady-p\u0159\u00edd.-jm\u00e9na.htm\">protiklady p\u0159\u00edd. jm\u00e9na<\/th>\n<th >\u00a0<\/a>\u00a0\u00a0<a href=\"http:\/\/jazyk.zsvisnove.eu\/wp-content\/uploads\/2017\/10\/hodiny.htm\">hodiny<\/a><\/th>\n<th > \u00a0<a href=\"http:\/\/jazyk.zsvisnove.eu\/wp-content\/uploads\/2017\/10\/z\u00e1jmeno-kein.htm\">z\u00e1jmeno-kein<\/th>\n<th >\u00a0<\/a> <a href=\"http:\/\/jazyk.zsvisnove.eu\/wp-content\/uploads\/2017\/10\/ot\u00e1zka-odpov\u011b\u010f.htm\">ot\u00e1zka-odpov\u011b\u010f<\/a><\/th>\n<\/tr>\n<\/thead>\n<tbody><\/tbody><\/table><\/div>\n<div class=\"table-responsive\"><table  style=\"width:100%; \"  class=\"easy-table easy-table-default \" border=\"0\">\n<thead>\r\n<tr><th >\u00a0<a href=\"http:\/\/jazyk.zsvisnove.eu\/wp-content\/uploads\/2017\/10\/z\u00e1jmenn\u00e1-p\u0159\u00edslovce-1.htm\">z\u00e1jmenn\u00e1 p\u0159\u00edslovce 1<\/a><\/th>\n<th >\u00a0\u00a0<a href=\"http:\/\/jazyk.zsvisnove.eu\/wp-content\/uploads\/2017\/10\/z\u00e1jmenn\u00e1-p\u0159\u00edslovce-2.htm\">z\u00e1jmenn\u00e1 p\u0159\u00edslovce 2<\/a><\/th>\n<th >\u00a0\u00a0<a href=\"http:\/\/jazyk.zsvisnove.eu\/wp-content\/uploads\/2017\/10\/z\u00e1jmenn\u00e1-p\u0159\u00edslovce-3.htm\">z\u00e1jmenn\u00e1 p\u0159\u00edslovce 3<\/a>\u00a0\u00a0<\/th>\n<\/tr>\n<\/thead>\n<tbody><\/tbody><\/table><\/div>\n<div class=\"table-responsive\"><table  style=\"width:100%; \"  class=\"easy-table easy-table-default \" border=\"0\">\n<thead>\r\n<tr><th >\u00a0<a href=\"http:\/\/jazyk.zsvisnove.eu\/wp-content\/uploads\/2017\/10\/zp\u016fsobov\u00e1-slovesa.htm\">zp\u016fsobov\u00e1-slovesa<\/a><\/th>\n<th >\u00a0<a href=\"http:\/\/jazyk.zsvisnove.eu\/wp-content\/uploads\/2017\/10\/z\u00e1jmeno-sv\u016fj.htm\">z\u00e1jmeno sv\u016fj<\/a><\/th>\n<th >\u00a0\u00a0<a href=\"http:\/\/jazyk.zsvisnove.eu\/wp-content\/uploads\/2017\/10\/wer.htm\">z\u00e1jmeno wer<\/a>\u00a0<\/th>\n<th > <a href=\"http:\/\/jazyk.zsvisnove.eu\/wp-content\/uploads\/2017\/10\/allein-selbst.htm\">allein-selbst<\/a><\/th>\n<\/tr>\n<\/thead>\n<tbody><\/tbody><\/table><\/div>\n<div class=\"table-responsive\"><table  style=\"width:100%; \"  class=\"easy-table easy-table-default \" border=\"0\">\n<thead>\r\n<tr><th >\u00a0<a href=\"http:\/\/jazyk.zsvisnove.eu\/wp-content\/uploads\/2017\/10\/zvratn\u00e1-slovesa-1.htm\">zvratn\u00e1 slovesa 1<\/a><\/th>\n<th >\u00a0<a href=\"http:\/\/jazyk.zsvisnove.eu\/wp-content\/uploads\/2017\/10\/zvratn\u00e1-slovesa-2.htm\">zvratn\u00e1 slovesa 2<\/th>\n<th >\u00a0<\/a>\u00a0 \u00a0<a href=\"http:\/\/jazyk.zsvisnove.eu\/wp-content\/uploads\/2017\/10\/stup\u0148ov\u00e1n\u00ed-p\u0159\u00edd-jmen..htm\">stup\u0148ov\u00e1n\u00ed p\u0159\u00edd jmen.<\/a>\u00a0<\/th>\n<\/tr>\n<\/thead>\n<tbody><\/tbody><\/table><\/div>\n<div class=\"table-responsive\"><table  style=\"width:100%; \"  class=\"easy-table easy-table-default \" border=\"0\">\n<thead>\r\n<tr><th >\u00a0\u00a0<a href=\"http:\/\/jazyk.zsvisnove.eu\/wp-content\/uploads\/2017\/10\/ud\u00e1n\u00ed-mno\u017estv\u00ed-1.htm\">ud\u00e1n\u00ed mno\u017estv\u00ed 1<\/a><\/th>\n<th >\u00a0\u00a0<a href=\"http:\/\/jazyk.zsvisnove.eu\/wp-content\/uploads\/2017\/10\/ud\u00e1n\u00ed-mno\u017estv\u00ed-2.htm\">ud\u00e1n\u00ed mno\u017estv\u00ed 2<\/a><\/th>\n<th >\u00a0<a href=\"http:\/\/jazyk.zsvisnove.eu\/wp-content\/uploads\/2017\/10\/Mno\u017estv\u00ed-potravin.htm\">Mno\u017estv\u00ed potravin<\/a><\/th>\n<th >\u00a0\u00a0<a href=\"http:\/\/jazyk.zsvisnove.eu\/wp-content\/uploads\/2017\/10\/jeder-dieser.htm\">jeder-dieser<\/a><\/th>\n<\/tr>\n<\/thead>\n<tbody><\/tbody><\/table><\/div>\n<div class=\"table-responsive\"><table  style=\"width:100%; \"  class=\"easy-table easy-table-default \" border=\"0\">\n<thead>\r\n<tr><th >\u00a0\u00a0<a href=\"http:\/\/jazyk.zsvisnove.eu\/wp-content\/uploads\/2017\/10\/spojky-quiz.htm\">spojky<\/th>\n<th >\u00a0<\/a> \u00a0<a href=\"http:\/\/jazyk.zsvisnove.eu\/wp-content\/uploads\/2017\/10\/spojky-dopl\u0148ova\u010dka.htm\">spojky<\/th>\n<th >\u00a0<\/a> <a href=\"http:\/\/jazyk.zsvisnove.eu\/wp-content\/uploads\/2017\/10\/man-es.htm\">man-es<\/a><\/th>\n<th > <a href=\"https:\/\/wordwall.net\/resource\/861027\">\u00a0spojky-kv\u00edz<\/th>\n<th >\u00a0\u00a0<\/a><a href=\"http:\/\/jazyk.zsvisnove.eu\/wp-content\/uploads\/2017\/10\/als-wenn.htm\">als-wenn<\/a><\/th>\n<\/tr>\n<\/thead>\n<tbody><\/tbody><\/table><\/div>\n<div class=\"table-responsive\"><table  style=\"width:100%; \"  class=\"easy-table easy-table-default \" border=\"0\">\n<thead>\r\n<tr><th >\u00a0<a href=\"http:\/\/jazyk.zsvisnove.eu\/wp-content\/uploads\/2017\/10\/odl.-p\u0159edp.-7.htm\">p\u0159edpony1<\/th>\n<th >\u00a0<\/a> <a href=\"http:\/\/jazyk.zsvisnove.eu\/wp-content\/uploads\/2017\/10\/odl.p\u0159edp.-6.htm\">p\u0159edpony 2<\/a><\/th>\n<th > <a href=\"http:\/\/jazyk.zsvisnove.eu\/wp-content\/uploads\/2017\/10\/odl.p\u0159edp.5.htm\">p\u0159edpony 3<\/a><\/th>\n<th >\u00a0<a href=\"http:\/\/jazyk.zsvisnove.eu\/wp-content\/uploads\/2017\/10\/odl.p\u0159edp.4.htm\">p\u0159edpony 4<\/a><\/th>\n<th >\u00a0<a href=\"http:\/\/jazyk.zsvisnove.eu\/wp-content\/uploads\/2017\/10\/odl.p\u0159edp.3.htm\">p\u0159edpony 5<\/a>\u00a0\u00a0<\/th>\n<\/tr>\n<\/thead>\n<tbody><\/tbody><\/table><\/div>\n<div class=\"table-responsive\"><table  style=\"width:100%; \"  class=\"easy-table easy-table-default \" border=\"0\">\n<thead>\r\n<tr><th >\u00a0\u00a0<a href=\"http:\/\/jazyk.zsvisnove.eu\/wp-content\/uploads\/2017\/10\/perfektum-1.htm\">perfektum-1<\/a><\/th>\n<th >\u00a0\u00a0<a href=\"http:\/\/jazyk.zsvisnove.eu\/wp-content\/uploads\/2017\/10\/perfektum-2.htm\">perfektum-2<\/a><\/th>\n<th >\u00a0\u00a0\u00a0<a href=\"http:\/\/jazyk.zsvisnove.eu\/wp-content\/uploads\/2017\/10\/pr\u00e9teritum.htm\">pr\u00e9teritum<\/a><\/th>\n<th >\u00a0<a href=\"https:\/\/wordwall.net\/resource\/4571752\">Pr\u00e4teritum &#8211; quiz<\/a><\/th>\n<th >\u00a0<a href=\"https:\/\/wordwall.net\/resource\/4572068\">Pr\u00e4teritum &#8211; procvi\u010d tvary<\/a>\u00a0<\/th>\n<\/tr>\n<\/thead>\n<tbody><\/tbody><\/table><\/div>\n<div class=\"table-responsive\"><table  style=\"width:100%; \"  class=\"easy-table easy-table-default \" border=\"0\">\n<thead>\r\n<tr><th >\u00a0<a href=\"https:\/\/wordwall.net\/resource\/1990509\">P\u0159\u00eddavn\u00e1 jm\u00e9na &#8211; sklo\u0148ov\u00e1n\u00ed <\/th>\n<th >\u00a0<\/a>\u00a0 \u00a0<a href=\"https:\/\/wordwall.net\/resource\/1806734\">P\u0159\u00eddavn\u00e1 jm\u00e9na &#8211; sklo\u0148ov\u00e1n\u00ed\u00a0<\/a><\/th>\n<th ><\/th>\n<\/tr>\n<\/thead>\n<tbody><\/tbody><\/table><\/div>\n<div class=\"table-responsive\"><table  style=\"width:100%; \"  class=\"easy-table easy-table-default \" border=\"0\">\n<thead>\r\n<tr><th >\u00a0<\/th>\n<\/tr>\n<\/thead>\n<tbody><\/tbody><\/table><\/div>\n<h2><span style=\"color: #000000;\"><strong>\u010cTEN\u00cd\u00a0 &#8211; Leseverstehen<\/strong><\/span><\/h2>\n<div class=\"table-responsive\"><table  style=\"width:100%; \"  class=\"easy-table easy-table-default \" border=\"0\">\n<thead>\r\n<tr><th >\u00a0<a href=\"http:\/\/jazyk.zsvisnove.eu\/wp-content\/uploads\/2017\/10\/Essen-und-Trinken.htm\">Essen-und-Trinken<\/a><\/th>\n<th >\u00a0<a href=\"http:\/\/jazyk.zsvisnove.eu\/wp-content\/uploads\/2017\/10\/Meine-Familie.htm\">Meine-Familie<\/a><\/th>\n<th > <a href=\"http:\/\/jazyk.zsvisnove.eu\/wp-content\/uploads\/2017\/10\/ja-nein.htm\">ja-nein<\/a><\/th>\n<th >\u00a0<a href=\"https:\/\/wordwall.net\/resource\/35896341\">Mein Haus\u00a0<\/a><\/th>\n<\/tr>\n<\/thead>\n<tbody><\/tbody><\/table><\/div>\n<div class=\"table-responsive\"><table  style=\"width:100%; \"  class=\"easy-table easy-table-default \" border=\"0\">\n<thead>\r\n<tr><th >\u00a0<a href=\"http:\/\/jazyk.zsvisnove.eu\/wp-content\/uploads\/2017\/10\/text-Julias-Umzug.htm\">Julias Umzug<\/a><\/th>\n<th >\u00a0<a href=\"http:\/\/jazyk.zsvisnove.eu\/wp-content\/uploads\/2017\/10\/text-Im-Gesch\u00e4ft.htm\">\u00a0Im Gesch\u00e4ft<\/a><\/th>\n<th >\u00a0\u00a0<a href=\"http:\/\/jazyk.zsvisnove.eu\/wp-content\/uploads\/2017\/10\/text-Steckbrief.htm\">Steckbrief<\/a><\/th>\n<\/tr>\n<\/thead>\n<tbody><\/tbody><\/table><\/div>\n<div class=\"table-responsive\"><table  style=\"width:100%; \"  class=\"easy-table easy-table-default \" border=\"0\">\n<thead>\r\n<tr><th >\u00a0<a href=\"http:\/\/jazyk.zsvisnove.eu\/wp-content\/uploads\/2017\/10\/Das-sonderbare-Rezept.htm\">Das-sonderbare-Rezept<\/a><\/th>\n<th >\u00a0\u00a0<a href=\"http:\/\/jazyk.zsvisnove.eu\/wp-content\/uploads\/2017\/10\/Im-Restaurant.htm\">Im-Restaurant<\/a><\/th>\n<th >\u00a0\u00a0<\/th>\n<\/tr>\n<\/thead>\n<tbody><\/tbody><\/table><\/div>\n<h2>ODKAZY NA U\u010cEBNICE<\/h2>\n<div class=\"table-responsive\"><table  style=\"width:100%; \"  class=\"easy-table easy-table-default \" border=\"0\">\n<thead>\r\n<tr><th ><a href=\"https:\/\/www.mcourser.cz\/\">Klett Maximal interaktiv\u00a0<\/a><\/th>\n<th >\u00a0<a href=\"https:\/\/einstufungstests.klett-sprachen.de\/eks\/klasse\/lektion.php?questname=klasse&amp;questclass=A1&amp;questblock=2\">Klasse 1<\/a><\/th>\n<th >\u00a0<a href=\"https:\/\/www.hueber.de\/shared\/uebungen\/deutschcom\/\">Deutsch.com<\/a><\/th>\n<th >\u00a0 <a href=\"https:\/\/www.hueber.de\/exercises\/530-24950\/?rootPath=\/exercises\/530-24950\/\">Planet Plus<\/a><\/th>\n<th > <a href=\"https:\/\/www.hueber.de\/shared\/uebungen\/planet\/index.php\">Planet<\/a><\/th>\n<\/tr>\n<\/thead>\n<tbody><\/tbody><\/table><\/div>\n<div class=\"table-responsive\"><table  style=\"width:100%; \"  class=\"easy-table easy-table-default \" border=\"0\">\n<thead>\r\n<tr><th >\u00a0<\/th>\n<\/tr>\n<\/thead>\n<tbody><\/tbody><\/table><\/div>\n<h2>\u00a0<\/h2>","protected":false},"excerpt":{"rendered":"<p>Team Deutsch neu Lektion 1 Buchstabieren Kurssprache1 Kurssprache2 Kurssprache3 Kurssprache4 pozdravy prvn\u00ed kontakty skl\u00e1d\u00e1n\u00ed v\u011bt spoj dvojice dopl\u0148 text Lektion 2 Schulsachen1 Schulsachen2 Schulsachen3 Schulsachen4 Schulf\u00e4cher Schulf\u00e4cher Schulsachen + mein\/dein\/kein1 Schulsachen + \u010dleny, z\u00e1jmena Schulsachen &#8211; procvi\u010dov\u00e1n\u00ed v\u011bt s \u010dlenem a z\u00e1jmeny Tage in der Woche 1 Tage in der Woche 2 Lektion 3 slov\u00ed\u010dka1 &hellip; <a href=\"http:\/\/jazyk.zsvisnove.eu\/?page_id=81\" class=\"more-link\">Pokra\u010dovat ve \u010dten\u00ed<span class=\"screen-reader-text\"> &#8222;DEUTSCH &#8211; EVA MACHOV\u00c1&#8220;<\/span><\/a><\/p>\n","protected":false},"author":2,"featured_media":0,"parent":0,"menu_order":0,"comment_status":"closed","ping_status":"closed","template":"","meta":{"footnotes":""},"class_list":["post-81","page","type-page","status-publish","hentry"],"_links":{"self":[{"href":"http:\/\/jazyk.zsvisnove.eu\/index.php?rest_route=\/wp\/v2\/pages\/81","targetHints":{"allow":["GET"]}}],"collection":[{"href":"http:\/\/jazyk.zsvisnove.eu\/index.php?rest_route=\/wp\/v2\/pages"}],"about":[{"href":"http:\/\/jazyk.zsvisnove.eu\/index.php?rest_route=\/wp\/v2\/types\/page"}],"author":[{"embeddable":true,"href":"http:\/\/jazyk.zsvisnove.eu\/index.php?rest_route=\/wp\/v2\/users\/2"}],"replies":[{"embeddable":true,"href":"http:\/\/jazyk.zsvisnove.eu\/index.php?rest_route=%2Fwp%2Fv2%2Fcomments&post=81"}],"version-history":[{"count":146,"href":"http:\/\/jazyk.zsvisnove.eu\/index.php?rest_route=\/wp\/v2\/pages\/81\/revisions"}],"predecessor-version":[{"id":1847,"href":"http:\/\/jazyk.zsvisnove.eu\/index.php?rest_route=\/wp\/v2\/pages\/81\/revisions\/1847"}],"wp:attachment":[{"href":"http:\/\/jazyk.zsvisnove.eu\/index.php?rest_route=%2Fwp%2Fv2%2Fmedia&parent=81"}],"curies":[{"name":"wp","href":"https:\/\/api.w.org\/{rel}","templated":true}]}}